{"id":65,"date":"2021-03-17T17:50:18","date_gmt":"2021-03-17T16:50:18","guid":{"rendered":"http:\/\/fueyo-immobilier.fr\/?page_id=65"},"modified":"2021-10-04T11:56:11","modified_gmt":"2021-10-04T09:56:11","slug":"accueil","status":"publish","type":"page","link":"https:\/\/fueyo-immobilier.fr\/","title":{"rendered":"Accueil"},"content":{"rendered":"\t\t<div data-elementor-type=\"wp-page\" data-elementor-id=\"65\" class=\"elementor elementor-65\">\n\t\t\t\t\t\t\t\t\t<section class=\"elementor-section elementor-top-section elementor-element elementor-element-c4c150c elementor-section-boxed elementor-section-height-default elementor-section-height-default\" data-id=\"c4c150c\" data-element_type=\"section\">\n\t\t\t\t\t\t<div class=\"elementor-container elementor-column-gap-default\">\n\t\t\t\t\t<div class=\"elementor-column elementor-col-100 elementor-top-column elementor-element elementor-element-e5e6bfe\" data-id=\"e5e6bfe\" data-element_type=\"column\">\n\t\t\t<div class=\"elementor-widget-wrap elementor-element-populated\">\n\t\t\t\t\t\t\t\t<div class=\"elementor-element elementor-element-c8f4706 elementor-widget elementor-widget-spacer\" data-id=\"c8f4706\" data-element_type=\"widget\" data-widget_type=\"spacer.default\">\n\t\t\t\t<div class=\"elementor-widget-container\">\n\t\t\t\t\t<div class=\"elementor-spacer\">\n\t\t\t<div class=\"elementor-spacer-inner\"><\/div>\n\t\t<\/div>\n\t\t\t\t<\/div>\n\t\t\t\t<\/div>\n\t\t\t\t<div class=\"elementor-element elementor-element-c4b4f13 elementor-widget elementor-widget-heading\" data-id=\"c4b4f13\" data-element_type=\"widget\" data-widget_type=\"heading.default\">\n\t\t\t\t<div class=\"elementor-widget-container\">\n\t\t\t<h2 class=\"elementor-heading-title elementor-size-default\">FUEYO IMMOBILIER<\/h2>\t\t<\/div>\n\t\t\t\t<\/div>\n\t\t\t\t<div class=\"elementor-element elementor-element-a9d8c3a elementor-widget elementor-widget-spacer\" data-id=\"a9d8c3a\" data-element_type=\"widget\" data-widget_type=\"spacer.default\">\n\t\t\t\t<div class=\"elementor-widget-container\">\n\t\t\t\t\t<div class=\"elementor-spacer\">\n\t\t\t<div class=\"elementor-spacer-inner\"><\/div>\n\t\t<\/div>\n\t\t\t\t<\/div>\n\t\t\t\t<\/div>\n\t\t\t\t<div class=\"elementor-element elementor-element-cd05648 elementor-widget elementor-widget-heading\" data-id=\"cd05648\" data-element_type=\"widget\" data-widget_type=\"heading.default\">\n\t\t\t\t<div class=\"elementor-widget-container\">\n\t\t\t<h2 class=\"elementor-heading-title elementor-size-medium\">Votre Agence Immobili\u00e8re de proximit\u00e9 est ouverte<\/h2>\t\t<\/div>\n\t\t\t\t<\/div>\n\t\t\t\t<div class=\"elementor-element elementor-element-b8d7a8f elementor-widget elementor-widget-spacer\" data-id=\"b8d7a8f\" data-element_type=\"widget\" data-widget_type=\"spacer.default\">\n\t\t\t\t<div class=\"elementor-widget-container\">\n\t\t\t\t\t<div class=\"elementor-spacer\">\n\t\t\t<div class=\"elementor-spacer-inner\"><\/div>\n\t\t<\/div>\n\t\t\t\t<\/div>\n\t\t\t\t<\/div>\n\t\t\t\t<div class=\"elementor-element elementor-element-e2b7676 elementor-widget elementor-widget-text-editor\" data-id=\"e2b7676\" data-element_type=\"widget\" data-widget_type=\"text-editor.default\">\n\t\t\t\t<div class=\"elementor-widget-container\">\n\t\t\t\t\t\t\t<h6>Bienvenue dans votre Agence Fueyo Immobilier, \u00e0 Orcet (Auvergne, 63) !<\/h6><h6>Une agence immobili\u00e8re de proximit\u00e9 dont la satisfaction des clients est l&#8217;unique pr\u00e9occupation.<\/h6><h6>Vous accompagner dans vos projets d&#8217;achat ou de vente est notre mission.<\/h6>\t\t\t\t\t\t<\/div>\n\t\t\t\t<\/div>\n\t\t\t\t<div class=\"elementor-element elementor-element-2729486 elementor-widget elementor-widget-spacer\" data-id=\"2729486\" data-element_type=\"widget\" data-widget_type=\"spacer.default\">\n\t\t\t\t<div class=\"elementor-widget-container\">\n\t\t\t\t\t<div class=\"elementor-spacer\">\n\t\t\t<div class=\"elementor-spacer-inner\"><\/div>\n\t\t<\/div>\n\t\t\t\t<\/div>\n\t\t\t\t<\/div>\n\t\t\t\t\t<\/div>\n\t\t<\/div>\n\t\t\t\t\t\t\t<\/div>\n\t\t<\/section>\n\t\t\t\t<section class=\"elementor-section elementor-top-section elementor-element elementor-element-1353f6d elementor-section-boxed elementor-section-height-default elementor-section-height-default\" data-id=\"1353f6d\" data-element_type=\"section\">\n\t\t\t\t\t\t<div class=\"elementor-container elementor-column-gap-default\">\n\t\t\t\t\t<div class=\"elementor-column elementor-col-33 elementor-top-column elementor-element elementor-element-28117af\" data-id=\"28117af\" data-element_type=\"column\">\n\t\t\t<div class=\"elementor-widget-wrap elementor-element-populated\">\n\t\t\t\t\t\t\t\t<div class=\"elementor-element elementor-element-2c3d919 elementor-widget elementor-widget-spacer\" data-id=\"2c3d919\" data-element_type=\"widget\" data-widget_type=\"spacer.default\">\n\t\t\t\t<div class=\"elementor-widget-container\">\n\t\t\t\t\t<div class=\"elementor-spacer\">\n\t\t\t<div class=\"elementor-spacer-inner\"><\/div>\n\t\t<\/div>\n\t\t\t\t<\/div>\n\t\t\t\t<\/div>\n\t\t\t\t<div class=\"elementor-element elementor-element-515a341 elementor-widget elementor-widget-image\" data-id=\"515a341\" data-element_type=\"widget\" data-widget_type=\"image.default\">\n\t\t\t\t<div class=\"elementor-widget-container\">\n\t\t\t\t\t\t\t\t\t\t\t\t\t\t\t<img src=\"https:\/\/fueyo-immobilier.fr\/wp-content\/uploads\/elementor\/thumbs\/IMG_9573-pe2bricihomatehyk6r1rnq33yn38gcodzmbyqdvws.jpg\" title=\"Fueyo Immobilier Agence\" alt=\"Fueyo Immobilier Agence\" loading=\"lazy\" \/>\t\t\t\t\t\t\t\t\t\t\t\t\t\t\t<\/div>\n\t\t\t\t<\/div>\n\t\t\t\t\t<\/div>\n\t\t<\/div>\n\t\t\t\t<div class=\"elementor-column elementor-col-33 elementor-top-column elementor-element elementor-element-768af14\" data-id=\"768af14\" data-element_type=\"column\">\n\t\t\t<div class=\"elementor-widget-wrap elementor-element-populated\">\n\t\t\t\t\t\t\t\t<div class=\"elementor-element elementor-element-1aceb5e elementor-widget elementor-widget-spacer\" data-id=\"1aceb5e\" data-element_type=\"widget\" data-widget_type=\"spacer.default\">\n\t\t\t\t<div class=\"elementor-widget-container\">\n\t\t\t\t\t<div class=\"elementor-spacer\">\n\t\t\t<div class=\"elementor-spacer-inner\"><\/div>\n\t\t<\/div>\n\t\t\t\t<\/div>\n\t\t\t\t<\/div>\n\t\t\t\t<div class=\"elementor-element elementor-element-79fd812 elementor-widget elementor-widget-image\" data-id=\"79fd812\" data-element_type=\"widget\" data-widget_type=\"image.default\">\n\t\t\t\t<div class=\"elementor-widget-container\">\n\t\t\t\t\t\t\t\t\t\t\t\t\t\t\t<img src=\"https:\/\/fueyo-immobilier.fr\/wp-content\/uploads\/elementor\/thumbs\/IMG_8722-scaled-p848bxxcwafr2pmd9szd64sjc2yo12cd51fvzgbaa4.jpg\" title=\"Accueil\" alt=\"Accueil\" loading=\"lazy\" \/>\t\t\t\t\t\t\t\t\t\t\t\t\t\t\t<\/div>\n\t\t\t\t<\/div>\n\t\t\t\t\t<\/div>\n\t\t<\/div>\n\t\t\t\t<div class=\"elementor-column elementor-col-33 elementor-top-column elementor-element elementor-element-ff1db57\" data-id=\"ff1db57\" data-element_type=\"column\">\n\t\t\t<div class=\"elementor-widget-wrap elementor-element-populated\">\n\t\t\t\t\t\t\t\t<div class=\"elementor-element elementor-element-6ecb645 elementor-widget elementor-widget-spacer\" data-id=\"6ecb645\" data-element_type=\"widget\" data-widget_type=\"spacer.default\">\n\t\t\t\t<div class=\"elementor-widget-container\">\n\t\t\t\t\t<div class=\"elementor-spacer\">\n\t\t\t<div class=\"elementor-spacer-inner\"><\/div>\n\t\t<\/div>\n\t\t\t\t<\/div>\n\t\t\t\t<\/div>\n\t\t\t\t<div class=\"elementor-element elementor-element-2a5cca6 elementor-widget elementor-widget-image\" data-id=\"2a5cca6\" data-element_type=\"widget\" data-widget_type=\"image.default\">\n\t\t\t\t<div class=\"elementor-widget-container\">\n\t\t\t\t\t\t\t\t\t\t\t\t\t\t\t<img src=\"https:\/\/fueyo-immobilier.fr\/wp-content\/uploads\/elementor\/thumbs\/IMG_8835-14.06.56-p91jbrvx1ggwx1qvt3xa9e1zdfxerirjy69c1avah8.jpg\" title=\"Fueyo Immobilier &#8211; Agence\" alt=\"Fueyo Immobilier - Agence\" loading=\"lazy\" \/>\t\t\t\t\t\t\t\t\t\t\t\t\t\t\t<\/div>\n\t\t\t\t<\/div>\n\t\t\t\t\t<\/div>\n\t\t<\/div>\n\t\t\t\t\t\t\t<\/div>\n\t\t<\/section>\n\t\t\t\t<section class=\"elementor-section elementor-top-section elementor-element elementor-element-95760b1 elementor-section-boxed elementor-section-height-default elementor-section-height-default\" data-id=\"95760b1\" data-element_type=\"section\">\n\t\t\t\t\t\t<div class=\"elementor-container elementor-column-gap-default\">\n\t\t\t\t\t<div class=\"elementor-column elementor-col-100 elementor-top-column elementor-element elementor-element-87c9d4a\" data-id=\"87c9d4a\" data-element_type=\"column\">\n\t\t\t<div class=\"elementor-widget-wrap elementor-element-populated\">\n\t\t\t\t\t\t\t\t<div class=\"elementor-element elementor-element-5dab5ac elementor-widget elementor-widget-spacer\" data-id=\"5dab5ac\" data-element_type=\"widget\" data-widget_type=\"spacer.default\">\n\t\t\t\t<div class=\"elementor-widget-container\">\n\t\t\t\t\t<div class=\"elementor-spacer\">\n\t\t\t<div class=\"elementor-spacer-inner\"><\/div>\n\t\t<\/div>\n\t\t\t\t<\/div>\n\t\t\t\t<\/div>\n\t\t\t\t<div class=\"elementor-element elementor-element-71514b6 elementor-widget elementor-widget-text-editor\" data-id=\"71514b6\" data-element_type=\"widget\" data-widget_type=\"text-editor.default\">\n\t\t\t\t<div class=\"elementor-widget-container\">\n\t\t\t\t\t\t\t<h6>L&#8217;Agence est situ\u00e9e \u00e0 Orcet, au coeur de la zone Clermont Sud et au carrefour des communes de La Roche-Blanche, Chanonat et Le Crest.<\/h6><h6>Un vieil adage dit que l&#8217;emplacement est primordial !<\/h6>\t\t\t\t\t\t<\/div>\n\t\t\t\t<\/div>\n\t\t\t\t\t<\/div>\n\t\t<\/div>\n\t\t\t\t\t\t\t<\/div>\n\t\t<\/section>\n\t\t\t\t\t\t\t<\/div>\n\t\t","protected":false},"excerpt":{"rendered":"<p>FUEYO IMMOBILIER Votre Agence Immobili\u00e8re de proximit\u00e9 est ouverte Bienvenue dans votre Agence Fueyo Immobilier, \u00e0 Orcet (Auvergne, 63) ! Une agence immobili\u00e8re de proximit\u00e9 dont la satisfaction des clients est l&#8217;unique pr\u00e9occupation. Vous accompagner dans vos projets d&#8217;achat ou de vente est notre mission. L&#8217;Agence est situ\u00e9e \u00e0 Orcet,<\/p>\n<div class=\"re-read-more\"><a class=\"read-more\" href=\"https:\/\/fueyo-immobilier.fr\/\">Read More&#8230;<\/a><\/div>\n","protected":false},"author":1,"featured_media":0,"parent":0,"menu_order":0,"comment_status":"closed","ping_status":"closed","template":"","meta":[],"yoast_head":"<!-- This site is optimized with the Yoast SEO plugin v18.4.1 - https:\/\/yoast.com\/wordpress\/plugins\/seo\/ -->\n<title>Accueil - FUEYO IMMMOBILIER<\/title>\n<meta name=\"description\" content=\"Fueyo immobilier est une agence immobili\u00e8re sp\u00e9cialis\u00e9e dans la transaction immobili\u00e8re. Envie d\u2019acheter, vendre ou encore faire estimer votre bien, venez faire notre connaissance.\" \/>\n<meta name=\"robots\" content=\"index, follow, max-snippet:-1, max-image-preview:large, max-video-preview:-1\" \/>\n<link rel=\"canonical\" href=\"https:\/\/fueyo-immobilier.fr\/\" \/>\n<meta property=\"og:locale\" content=\"fr_FR\" \/>\n<meta property=\"og:type\" content=\"article\" \/>\n<meta property=\"og:title\" content=\"Accueil - FUEYO IMMMOBILIER\" \/>\n<meta property=\"og:description\" content=\"Fueyo immobilier est une agence immobili\u00e8re sp\u00e9cialis\u00e9e dans la transaction immobili\u00e8re. Envie d\u2019acheter, vendre ou encore faire estimer votre bien, venez faire notre connaissance.\" \/>\n<meta property=\"og:url\" content=\"https:\/\/fueyo-immobilier.fr\/\" \/>\n<meta property=\"og:site_name\" content=\"FUEYO IMMMOBILIER\" \/>\n<meta property=\"article:modified_time\" content=\"2021-10-04T09:56:11+00:00\" \/>\n<meta property=\"og:image\" content=\"https:\/\/fueyo-immobilier.fr\/wp-content\/uploads\/elementor\/thumbs\/IMG_9573-pe2bricihomatehyk6r1rnq33yn38gcodzmbyqdvws.jpg\" \/>\n<meta name=\"twitter:card\" content=\"summary_large_image\" \/>\n<meta name=\"twitter:label1\" content=\"Dur\u00e9e de lecture estim\u00e9e\" \/>\n\t<meta name=\"twitter:data1\" content=\"1 minute\" \/>\n<script type=\"application\/ld+json\" class=\"yoast-schema-graph\">{\"@context\":\"https:\/\/schema.org\",\"@graph\":[{\"@type\":\"WebSite\",\"@id\":\"https:\/\/fueyo-immobilier.fr\/#website\",\"url\":\"https:\/\/fueyo-immobilier.fr\/\",\"name\":\"FUEYO IMMMOBILIER\",\"description\":\"\",\"potentialAction\":[{\"@type\":\"SearchAction\",\"target\":{\"@type\":\"EntryPoint\",\"urlTemplate\":\"https:\/\/fueyo-immobilier.fr\/?s={search_term_string}\"},\"query-input\":\"required name=search_term_string\"}],\"inLanguage\":\"fr-FR\"},{\"@type\":\"ImageObject\",\"@id\":\"https:\/\/fueyo-immobilier.fr\/#primaryimage\",\"inLanguage\":\"fr-FR\",\"url\":\"https:\/\/fueyo-immobilier.fr\/wp-content\/uploads\/elementor\/thumbs\/IMG_9573-pe2bricihomatehyk6r1rnq33yn38gcodzmbyqdvws.jpg\",\"contentUrl\":\"https:\/\/fueyo-immobilier.fr\/wp-content\/uploads\/elementor\/thumbs\/IMG_9573-pe2bricihomatehyk6r1rnq33yn38gcodzmbyqdvws.jpg\"},{\"@type\":\"WebPage\",\"@id\":\"https:\/\/fueyo-immobilier.fr\/#webpage\",\"url\":\"https:\/\/fueyo-immobilier.fr\/\",\"name\":\"Accueil - FUEYO IMMMOBILIER\",\"isPartOf\":{\"@id\":\"https:\/\/fueyo-immobilier.fr\/#website\"},\"primaryImageOfPage\":{\"@id\":\"https:\/\/fueyo-immobilier.fr\/#primaryimage\"},\"datePublished\":\"2021-03-17T16:50:18+00:00\",\"dateModified\":\"2021-10-04T09:56:11+00:00\",\"description\":\"Fueyo immobilier est une agence immobili\u00e8re sp\u00e9cialis\u00e9e dans la transaction immobili\u00e8re. Envie d\u2019acheter, vendre ou encore faire estimer votre bien, venez faire notre connaissance.\",\"breadcrumb\":{\"@id\":\"https:\/\/fueyo-immobilier.fr\/#breadcrumb\"},\"inLanguage\":\"fr-FR\",\"potentialAction\":[{\"@type\":\"ReadAction\",\"target\":[\"https:\/\/fueyo-immobilier.fr\/\"]}]},{\"@type\":\"BreadcrumbList\",\"@id\":\"https:\/\/fueyo-immobilier.fr\/#breadcrumb\",\"itemListElement\":[{\"@type\":\"ListItem\",\"position\":1,\"name\":\"Accueil\",\"item\":\"https:\/\/fueyo-immobilier.fr\/\"},{\"@type\":\"ListItem\",\"position\":2,\"name\":\"Accueil\"}]}]}<\/script>\n<!-- \/ Yoast SEO plugin. -->","yoast_head_json":{"title":"Accueil - FUEYO IMMMOBILIER","description":"Fueyo immobilier est une agence immobili\u00e8re sp\u00e9cialis\u00e9e dans la transaction immobili\u00e8re. Envie d\u2019acheter, vendre ou encore faire estimer votre bien, venez faire notre connaissance.","robots":{"index":"index","follow":"follow","max-snippet":"max-snippet:-1","max-image-preview":"max-image-preview:large","max-video-preview":"max-video-preview:-1"},"canonical":"https:\/\/fueyo-immobilier.fr\/","og_locale":"fr_FR","og_type":"article","og_title":"Accueil - FUEYO IMMMOBILIER","og_description":"Fueyo immobilier est une agence immobili\u00e8re sp\u00e9cialis\u00e9e dans la transaction immobili\u00e8re. Envie d\u2019acheter, vendre ou encore faire estimer votre bien, venez faire notre connaissance.","og_url":"https:\/\/fueyo-immobilier.fr\/","og_site_name":"FUEYO IMMMOBILIER","article_modified_time":"2021-10-04T09:56:11+00:00","og_image":[{"url":"https:\/\/fueyo-immobilier.fr\/wp-content\/uploads\/elementor\/thumbs\/IMG_9573-pe2bricihomatehyk6r1rnq33yn38gcodzmbyqdvws.jpg"}],"twitter_card":"summary_large_image","twitter_misc":{"Dur\u00e9e de lecture estim\u00e9e":"1 minute"},"schema":{"@context":"https:\/\/schema.org","@graph":[{"@type":"WebSite","@id":"https:\/\/fueyo-immobilier.fr\/#website","url":"https:\/\/fueyo-immobilier.fr\/","name":"FUEYO IMMMOBILIER","description":"","potentialAction":[{"@type":"SearchAction","target":{"@type":"EntryPoint","urlTemplate":"https:\/\/fueyo-immobilier.fr\/?s={search_term_string}"},"query-input":"required name=search_term_string"}],"inLanguage":"fr-FR"},{"@type":"ImageObject","@id":"https:\/\/fueyo-immobilier.fr\/#primaryimage","inLanguage":"fr-FR","url":"https:\/\/fueyo-immobilier.fr\/wp-content\/uploads\/elementor\/thumbs\/IMG_9573-pe2bricihomatehyk6r1rnq33yn38gcodzmbyqdvws.jpg","contentUrl":"https:\/\/fueyo-immobilier.fr\/wp-content\/uploads\/elementor\/thumbs\/IMG_9573-pe2bricihomatehyk6r1rnq33yn38gcodzmbyqdvws.jpg"},{"@type":"WebPage","@id":"https:\/\/fueyo-immobilier.fr\/#webpage","url":"https:\/\/fueyo-immobilier.fr\/","name":"Accueil - FUEYO IMMMOBILIER","isPartOf":{"@id":"https:\/\/fueyo-immobilier.fr\/#website"},"primaryImageOfPage":{"@id":"https:\/\/fueyo-immobilier.fr\/#primaryimage"},"datePublished":"2021-03-17T16:50:18+00:00","dateModified":"2021-10-04T09:56:11+00:00","description":"Fueyo immobilier est une agence immobili\u00e8re sp\u00e9cialis\u00e9e dans la transaction immobili\u00e8re. Envie d\u2019acheter, vendre ou encore faire estimer votre bien, venez faire notre connaissance.","breadcrumb":{"@id":"https:\/\/fueyo-immobilier.fr\/#breadcrumb"},"inLanguage":"fr-FR","potentialAction":[{"@type":"ReadAction","target":["https:\/\/fueyo-immobilier.fr\/"]}]},{"@type":"BreadcrumbList","@id":"https:\/\/fueyo-immobilier.fr\/#breadcrumb","itemListElement":[{"@type":"ListItem","position":1,"name":"Accueil","item":"https:\/\/fueyo-immobilier.fr\/"},{"@type":"ListItem","position":2,"name":"Accueil"}]}]}},"_links":{"self":[{"href":"https:\/\/fueyo-immobilier.fr\/index.php?rest_route=\/wp\/v2\/pages\/65"}],"collection":[{"href":"https:\/\/fueyo-immobilier.fr\/index.php?rest_route=\/wp\/v2\/pages"}],"about":[{"href":"https:\/\/fueyo-immobilier.fr\/index.php?rest_route=\/wp\/v2\/types\/page"}],"author":[{"embeddable":true,"href":"https:\/\/fueyo-immobilier.fr\/index.php?rest_route=\/wp\/v2\/users\/1"}],"replies":[{"embeddable":true,"href":"https:\/\/fueyo-immobilier.fr\/index.php?rest_route=%2Fwp%2Fv2%2Fcomments&post=65"}],"version-history":[{"count":44,"href":"https:\/\/fueyo-immobilier.fr\/index.php?rest_route=\/wp\/v2\/pages\/65\/revisions"}],"predecessor-version":[{"id":857,"href":"https:\/\/fueyo-immobilier.fr\/index.php?rest_route=\/wp\/v2\/pages\/65\/revisions\/857"}],"wp:attachment":[{"href":"https:\/\/fueyo-immobilier.fr\/index.php?rest_route=%2Fwp%2Fv2%2Fmedia&parent=65"}],"curies":[{"name":"wp","href":"https:\/\/api.w.org\/{rel}","templated":true}]}}