{"id":238,"date":"2021-05-15T18:01:41","date_gmt":"2021-05-15T16:01:41","guid":{"rendered":"https:\/\/fueyo-immobilier.fr\/?page_id=238"},"modified":"2025-07-01T17:00:08","modified_gmt":"2025-07-01T15:00:08","slug":"nos-honoraires","status":"publish","type":"page","link":"https:\/\/fueyo-immobilier.fr\/?page_id=238","title":{"rendered":"Nos Honoraires"},"content":{"rendered":"\t\t<div data-elementor-type=\"wp-page\" data-elementor-id=\"238\" class=\"elementor elementor-238\">\n\t\t\t\t\t\t\t\t\t<section class=\"elementor-section elementor-top-section elementor-element elementor-element-44cf1e3 elementor-section-boxed elementor-section-height-default elementor-section-height-default\" data-id=\"44cf1e3\" data-element_type=\"section\">\n\t\t\t\t\t\t<div class=\"elementor-container elementor-column-gap-default\">\n\t\t\t\t\t<div class=\"elementor-column elementor-col-100 elementor-top-column elementor-element elementor-element-066dfc0\" data-id=\"066dfc0\" data-element_type=\"column\">\n\t\t\t<div class=\"elementor-widget-wrap elementor-element-populated\">\n\t\t\t\t\t\t\t\t<div class=\"elementor-element elementor-element-6eabd2a elementor-widget elementor-widget-image\" data-id=\"6eabd2a\" data-element_type=\"widget\" data-widget_type=\"image.default\">\n\t\t\t\t<div class=\"elementor-widget-container\">\n\t\t\t\t\t\t\t\t\t\t\t\t\t\t\t<img width=\"640\" height=\"905\" src=\"https:\/\/fueyo-immobilier.fr\/wp-content\/uploads\/2025\/07\/Fueyo-Immobilier-Bareme-honoraires-2-724x1024.jpg\" class=\"attachment-large size-large wp-image-4239\" alt=\"\" loading=\"lazy\" srcset=\"https:\/\/fueyo-immobilier.fr\/wp-content\/uploads\/2025\/07\/Fueyo-Immobilier-Bareme-honoraires-2-724x1024.jpg 724w, https:\/\/fueyo-immobilier.fr\/wp-content\/uploads\/2025\/07\/Fueyo-Immobilier-Bareme-honoraires-2-212x300.jpg 212w, https:\/\/fueyo-immobilier.fr\/wp-content\/uploads\/2025\/07\/Fueyo-Immobilier-Bareme-honoraires-2-768x1086.jpg 768w, https:\/\/fueyo-immobilier.fr\/wp-content\/uploads\/2025\/07\/Fueyo-Immobilier-Bareme-honoraires-2-1086x1536.jpg 1086w, https:\/\/fueyo-immobilier.fr\/wp-content\/uploads\/2025\/07\/Fueyo-Immobilier-Bareme-honoraires-2.jpg 1414w\" sizes=\"(max-width: 640px) 100vw, 640px\" \/>\t\t\t\t\t\t\t\t\t\t\t\t\t\t\t<\/div>\n\t\t\t\t<\/div>\n\t\t\t\t\t<\/div>\n\t\t<\/div>\n\t\t\t\t\t\t\t<\/div>\n\t\t<\/section>\n\t\t\t\t\t\t\t<\/div>\n\t\t","protected":false},"excerpt":{"rendered":"","protected":false},"author":1,"featured_media":0,"parent":0,"menu_order":0,"comment_status":"closed","ping_status":"closed","template":"","meta":[],"yoast_head":"<!-- This site is optimized with the Yoast SEO plugin v18.4.1 - https:\/\/yoast.com\/wordpress\/plugins\/seo\/ -->\n<title>Nos Honoraires - FUEYO IMMMOBILIER<\/title>\n<meta name=\"description\" content=\"Fueyo immobilier, agence de proximit\u00e9 vous pr\u00e9sente les honoraires pratiqu\u00e9s par l&#039;agence\" \/>\n<meta name=\"robots\" content=\"index, follow, max-snippet:-1, max-image-preview:large, max-video-preview:-1\" \/>\n<link rel=\"canonical\" href=\"https:\/\/fueyo-immobilier.fr\/?page_id=238\" \/>\n<meta property=\"og:locale\" content=\"fr_FR\" \/>\n<meta property=\"og:type\" content=\"article\" \/>\n<meta property=\"og:title\" content=\"Nos Honoraires - FUEYO IMMMOBILIER\" \/>\n<meta property=\"og:description\" content=\"Fueyo immobilier, agence de proximit\u00e9 vous pr\u00e9sente les honoraires pratiqu\u00e9s par l&#039;agence\" \/>\n<meta property=\"og:url\" content=\"https:\/\/fueyo-immobilier.fr\/?page_id=238\" \/>\n<meta property=\"og:site_name\" content=\"FUEYO IMMMOBILIER\" \/>\n<meta property=\"article:modified_time\" content=\"2025-07-01T15:00:08+00:00\" \/>\n<meta property=\"og:image\" content=\"https:\/\/fueyo-immobilier.fr\/wp-content\/uploads\/2025\/07\/Fueyo-Immobilier-Bareme-honoraires-2-724x1024.jpg\" \/>\n<meta name=\"twitter:card\" content=\"summary_large_image\" \/>\n<meta name=\"twitter:label1\" content=\"Dur\u00e9e de lecture estim\u00e9e\" \/>\n\t<meta name=\"twitter:data1\" content=\"1 minute\" \/>\n<script type=\"application\/ld+json\" class=\"yoast-schema-graph\">{\"@context\":\"https:\/\/schema.org\",\"@graph\":[{\"@type\":\"WebSite\",\"@id\":\"https:\/\/fueyo-immobilier.fr\/#website\",\"url\":\"https:\/\/fueyo-immobilier.fr\/\",\"name\":\"FUEYO IMMMOBILIER\",\"description\":\"\",\"potentialAction\":[{\"@type\":\"SearchAction\",\"target\":{\"@type\":\"EntryPoint\",\"urlTemplate\":\"https:\/\/fueyo-immobilier.fr\/?s={search_term_string}\"},\"query-input\":\"required name=search_term_string\"}],\"inLanguage\":\"fr-FR\"},{\"@type\":\"ImageObject\",\"@id\":\"https:\/\/fueyo-immobilier.fr\/?page_id=238#primaryimage\",\"inLanguage\":\"fr-FR\",\"url\":\"https:\/\/fueyo-immobilier.fr\/wp-content\/uploads\/2025\/07\/Fueyo-Immobilier-Bareme-honoraires-2.jpg\",\"contentUrl\":\"https:\/\/fueyo-immobilier.fr\/wp-content\/uploads\/2025\/07\/Fueyo-Immobilier-Bareme-honoraires-2.jpg\",\"width\":1414,\"height\":2000},{\"@type\":\"WebPage\",\"@id\":\"https:\/\/fueyo-immobilier.fr\/?page_id=238#webpage\",\"url\":\"https:\/\/fueyo-immobilier.fr\/?page_id=238\",\"name\":\"Nos Honoraires - FUEYO IMMMOBILIER\",\"isPartOf\":{\"@id\":\"https:\/\/fueyo-immobilier.fr\/#website\"},\"primaryImageOfPage\":{\"@id\":\"https:\/\/fueyo-immobilier.fr\/?page_id=238#primaryimage\"},\"datePublished\":\"2021-05-15T16:01:41+00:00\",\"dateModified\":\"2025-07-01T15:00:08+00:00\",\"description\":\"Fueyo immobilier, agence de proximit\u00e9 vous pr\u00e9sente les honoraires pratiqu\u00e9s par l'agence\",\"breadcrumb\":{\"@id\":\"https:\/\/fueyo-immobilier.fr\/?page_id=238#breadcrumb\"},\"inLanguage\":\"fr-FR\",\"potentialAction\":[{\"@type\":\"ReadAction\",\"target\":[\"https:\/\/fueyo-immobilier.fr\/?page_id=238\"]}]},{\"@type\":\"BreadcrumbList\",\"@id\":\"https:\/\/fueyo-immobilier.fr\/?page_id=238#breadcrumb\",\"itemListElement\":[{\"@type\":\"ListItem\",\"position\":1,\"name\":\"Accueil\",\"item\":\"https:\/\/fueyo-immobilier.fr\/\"},{\"@type\":\"ListItem\",\"position\":2,\"name\":\"Nos Honoraires\"}]}]}<\/script>\n<!-- \/ Yoast SEO plugin. -->","yoast_head_json":{"title":"Nos Honoraires - FUEYO IMMMOBILIER","description":"Fueyo immobilier, agence de proximit\u00e9 vous pr\u00e9sente les honoraires pratiqu\u00e9s par l'agence","robots":{"index":"index","follow":"follow","max-snippet":"max-snippet:-1","max-image-preview":"max-image-preview:large","max-video-preview":"max-video-preview:-1"},"canonical":"https:\/\/fueyo-immobilier.fr\/?page_id=238","og_locale":"fr_FR","og_type":"article","og_title":"Nos Honoraires - FUEYO IMMMOBILIER","og_description":"Fueyo immobilier, agence de proximit\u00e9 vous pr\u00e9sente les honoraires pratiqu\u00e9s par l'agence","og_url":"https:\/\/fueyo-immobilier.fr\/?page_id=238","og_site_name":"FUEYO IMMMOBILIER","article_modified_time":"2025-07-01T15:00:08+00:00","og_image":[{"url":"https:\/\/fueyo-immobilier.fr\/wp-content\/uploads\/2025\/07\/Fueyo-Immobilier-Bareme-honoraires-2-724x1024.jpg"}],"twitter_card":"summary_large_image","twitter_misc":{"Dur\u00e9e de lecture estim\u00e9e":"1 minute"},"schema":{"@context":"https:\/\/schema.org","@graph":[{"@type":"WebSite","@id":"https:\/\/fueyo-immobilier.fr\/#website","url":"https:\/\/fueyo-immobilier.fr\/","name":"FUEYO IMMMOBILIER","description":"","potentialAction":[{"@type":"SearchAction","target":{"@type":"EntryPoint","urlTemplate":"https:\/\/fueyo-immobilier.fr\/?s={search_term_string}"},"query-input":"required name=search_term_string"}],"inLanguage":"fr-FR"},{"@type":"ImageObject","@id":"https:\/\/fueyo-immobilier.fr\/?page_id=238#primaryimage","inLanguage":"fr-FR","url":"https:\/\/fueyo-immobilier.fr\/wp-content\/uploads\/2025\/07\/Fueyo-Immobilier-Bareme-honoraires-2.jpg","contentUrl":"https:\/\/fueyo-immobilier.fr\/wp-content\/uploads\/2025\/07\/Fueyo-Immobilier-Bareme-honoraires-2.jpg","width":1414,"height":2000},{"@type":"WebPage","@id":"https:\/\/fueyo-immobilier.fr\/?page_id=238#webpage","url":"https:\/\/fueyo-immobilier.fr\/?page_id=238","name":"Nos Honoraires - FUEYO IMMMOBILIER","isPartOf":{"@id":"https:\/\/fueyo-immobilier.fr\/#website"},"primaryImageOfPage":{"@id":"https:\/\/fueyo-immobilier.fr\/?page_id=238#primaryimage"},"datePublished":"2021-05-15T16:01:41+00:00","dateModified":"2025-07-01T15:00:08+00:00","description":"Fueyo immobilier, agence de proximit\u00e9 vous pr\u00e9sente les honoraires pratiqu\u00e9s par l'agence","breadcrumb":{"@id":"https:\/\/fueyo-immobilier.fr\/?page_id=238#breadcrumb"},"inLanguage":"fr-FR","potentialAction":[{"@type":"ReadAction","target":["https:\/\/fueyo-immobilier.fr\/?page_id=238"]}]},{"@type":"BreadcrumbList","@id":"https:\/\/fueyo-immobilier.fr\/?page_id=238#breadcrumb","itemListElement":[{"@type":"ListItem","position":1,"name":"Accueil","item":"https:\/\/fueyo-immobilier.fr\/"},{"@type":"ListItem","position":2,"name":"Nos Honoraires"}]}]}},"_links":{"self":[{"href":"https:\/\/fueyo-immobilier.fr\/index.php?rest_route=\/wp\/v2\/pages\/238"}],"collection":[{"href":"https:\/\/fueyo-immobilier.fr\/index.php?rest_route=\/wp\/v2\/pages"}],"about":[{"href":"https:\/\/fueyo-immobilier.fr\/index.php?rest_route=\/wp\/v2\/types\/page"}],"author":[{"embeddable":true,"href":"https:\/\/fueyo-immobilier.fr\/index.php?rest_route=\/wp\/v2\/users\/1"}],"replies":[{"embeddable":true,"href":"https:\/\/fueyo-immobilier.fr\/index.php?rest_route=%2Fwp%2Fv2%2Fcomments&post=238"}],"version-history":[{"count":10,"href":"https:\/\/fueyo-immobilier.fr\/index.php?rest_route=\/wp\/v2\/pages\/238\/revisions"}],"predecessor-version":[{"id":4242,"href":"https:\/\/fueyo-immobilier.fr\/index.php?rest_route=\/wp\/v2\/pages\/238\/revisions\/4242"}],"wp:attachment":[{"href":"https:\/\/fueyo-immobilier.fr\/index.php?rest_route=%2Fwp%2Fv2%2Fmedia&parent=238"}],"curies":[{"name":"wp","href":"https:\/\/api.w.org\/{rel}","templated":true}]}}