{"id":221,"date":"2021-05-15T16:24:36","date_gmt":"2021-05-15T14:24:36","guid":{"rendered":"https:\/\/fueyo-immobilier.fr\/?page_id=221"},"modified":"2021-05-20T09:00:49","modified_gmt":"2021-05-20T07:00:49","slug":"mentions-legales","status":"publish","type":"page","link":"https:\/\/fueyo-immobilier.fr\/?page_id=221","title":{"rendered":"Mentions L\u00e9gales"},"content":{"rendered":"\n<p><strong>EDITEUR<\/strong><\/p>\n\n\n\n<p>Raison sociale : SARL FUEYO IMMOBILIER<br>Directeur de la publication : Adrien FUEYO<br>RCS : Clermont Ferrand SIREN 898 748 124 00010<br>Si\u00e8ge social : 2 Route de la Roche Blanche &#8211; 63670 Orcet, France<br>CODE APE : 6831Z (Agences immobili\u00e8res)<br>N\u00b0 de t\u00e9l\u00e9phone : 04 73 88 32 72<br>Email : contact@fueyo-immobilier.fr<br>Carte professionnelle transaction n\u00b0CPI 6302 2021 000 000 019 d\u00e9livr\u00e9e par la CCI du Puy-de-D\u00f4me<br>Capital : 5000 \u20ac Caisse garantie financi\u00e8re : SOCAF<br>Montant garantie financi\u00e8re : 120.000,00 \u20ac<\/p>\n\n\n\n<p><strong>HEBERGEMENT<\/strong><\/p>\n\n\n\n<p>OVH<\/p>\n\n\n\n<p>SAS au capital de 10 069 020 \u20ac<br>RCS Lille M\u00e9tropole 424 761 419 00045<br>Code APE 2620Z<br>N\u00b0 TVA : FR 22 424 761 419<br>Si\u00e8ge social : 2 rue Kellermann &#8211; 59100 Roubaix &#8211; FranceDirecteur de la publication : Octave KLABAPr\u00e9sident : Henryk KLABADirecteur g\u00e9n\u00e9ral : Miroslaw KLABADirecteur g\u00e9n\u00e9ral d\u00e9l\u00e9gu\u00e9 : Octave KLABADirecteur g\u00e9n\u00e9ral d\u00e9l\u00e9gu\u00e9 : Halina KLABA<\/p>\n\n\n\n<p>OVH SAS est une filiale de la soci\u00e9t\u00e9 OVH Groupe SAS, soci\u00e9t\u00e9 immatricul\u00e9e au RCS de Lille sous le num\u00e9ro 537 407 926 sise 2, rue Kellermann, 59100 Roubaix.<\/p>\n","protected":false},"excerpt":{"rendered":"<p>EDITEUR Raison sociale : SARL FUEYO IMMOBILIERDirecteur de la publication : Adrien FUEYORCS : Clermont Ferrand SIREN 898 748 124 00010Si\u00e8ge social : 2 Route de la Roche Blanche &#8211; 63670 Orcet, FranceCODE APE : 6831Z (Agences immobili\u00e8res)N\u00b0 de t\u00e9l\u00e9phone : 04 73 88 32 72Email : contact@fueyo-immobilier.frCarte professionnelle transaction<\/p>\n<div class=\"re-read-more\"><a class=\"read-more\" href=\"https:\/\/fueyo-immobilier.fr\/?page_id=221\">Read More&#8230;<\/a><\/div>\n","protected":false},"author":1,"featured_media":0,"parent":0,"menu_order":0,"comment_status":"closed","ping_status":"closed","template":"","meta":[],"yoast_head":"<!-- This site is optimized with the Yoast SEO plugin v18.4.1 - https:\/\/yoast.com\/wordpress\/plugins\/seo\/ -->\n<title>Mentions L\u00e9gales - FUEYO IMMMOBILIER<\/title>\n<meta name=\"description\" content=\"Vous trouverez sur cette page les mentions l\u00e9gales qui correspondent \u00e0 l&#039;\u00e9tablissement FUEYO IMMOBILIER. Agence immobili\u00e8re de proximit\u00e9.\" \/>\n<meta name=\"robots\" content=\"index, follow, max-snippet:-1, max-image-preview:large, max-video-preview:-1\" \/>\n<link rel=\"canonical\" href=\"https:\/\/fueyo-immobilier.fr\/?page_id=221\" \/>\n<meta property=\"og:locale\" content=\"fr_FR\" \/>\n<meta property=\"og:type\" content=\"article\" \/>\n<meta property=\"og:title\" content=\"Mentions L\u00e9gales - FUEYO IMMMOBILIER\" \/>\n<meta property=\"og:description\" content=\"Vous trouverez sur cette page les mentions l\u00e9gales qui correspondent \u00e0 l&#039;\u00e9tablissement FUEYO IMMOBILIER. Agence immobili\u00e8re de proximit\u00e9.\" \/>\n<meta property=\"og:url\" content=\"https:\/\/fueyo-immobilier.fr\/?page_id=221\" \/>\n<meta property=\"og:site_name\" content=\"FUEYO IMMMOBILIER\" \/>\n<meta property=\"article:modified_time\" content=\"2021-05-20T07:00:49+00:00\" \/>\n<meta name=\"twitter:card\" content=\"summary_large_image\" \/>\n<meta name=\"twitter:label1\" content=\"Dur\u00e9e de lecture estim\u00e9e\" \/>\n\t<meta name=\"twitter:data1\" content=\"1 minute\" \/>\n<script type=\"application\/ld+json\" class=\"yoast-schema-graph\">{\"@context\":\"https:\/\/schema.org\",\"@graph\":[{\"@type\":\"WebSite\",\"@id\":\"https:\/\/fueyo-immobilier.fr\/#website\",\"url\":\"https:\/\/fueyo-immobilier.fr\/\",\"name\":\"FUEYO IMMMOBILIER\",\"description\":\"\",\"potentialAction\":[{\"@type\":\"SearchAction\",\"target\":{\"@type\":\"EntryPoint\",\"urlTemplate\":\"https:\/\/fueyo-immobilier.fr\/?s={search_term_string}\"},\"query-input\":\"required name=search_term_string\"}],\"inLanguage\":\"fr-FR\"},{\"@type\":\"WebPage\",\"@id\":\"https:\/\/fueyo-immobilier.fr\/?page_id=221#webpage\",\"url\":\"https:\/\/fueyo-immobilier.fr\/?page_id=221\",\"name\":\"Mentions L\u00e9gales - FUEYO IMMMOBILIER\",\"isPartOf\":{\"@id\":\"https:\/\/fueyo-immobilier.fr\/#website\"},\"datePublished\":\"2021-05-15T14:24:36+00:00\",\"dateModified\":\"2021-05-20T07:00:49+00:00\",\"description\":\"Vous trouverez sur cette page les mentions l\u00e9gales qui correspondent \u00e0 l'\u00e9tablissement FUEYO IMMOBILIER. Agence immobili\u00e8re de proximit\u00e9.\",\"breadcrumb\":{\"@id\":\"https:\/\/fueyo-immobilier.fr\/?page_id=221#breadcrumb\"},\"inLanguage\":\"fr-FR\",\"potentialAction\":[{\"@type\":\"ReadAction\",\"target\":[\"https:\/\/fueyo-immobilier.fr\/?page_id=221\"]}]},{\"@type\":\"BreadcrumbList\",\"@id\":\"https:\/\/fueyo-immobilier.fr\/?page_id=221#breadcrumb\",\"itemListElement\":[{\"@type\":\"ListItem\",\"position\":1,\"name\":\"Accueil\",\"item\":\"https:\/\/fueyo-immobilier.fr\/\"},{\"@type\":\"ListItem\",\"position\":2,\"name\":\"Mentions L\u00e9gales\"}]}]}<\/script>\n<!-- \/ Yoast SEO plugin. -->","yoast_head_json":{"title":"Mentions L\u00e9gales - FUEYO IMMMOBILIER","description":"Vous trouverez sur cette page les mentions l\u00e9gales qui correspondent \u00e0 l'\u00e9tablissement FUEYO IMMOBILIER. Agence immobili\u00e8re de proximit\u00e9.","robots":{"index":"index","follow":"follow","max-snippet":"max-snippet:-1","max-image-preview":"max-image-preview:large","max-video-preview":"max-video-preview:-1"},"canonical":"https:\/\/fueyo-immobilier.fr\/?page_id=221","og_locale":"fr_FR","og_type":"article","og_title":"Mentions L\u00e9gales - FUEYO IMMMOBILIER","og_description":"Vous trouverez sur cette page les mentions l\u00e9gales qui correspondent \u00e0 l'\u00e9tablissement FUEYO IMMOBILIER. Agence immobili\u00e8re de proximit\u00e9.","og_url":"https:\/\/fueyo-immobilier.fr\/?page_id=221","og_site_name":"FUEYO IMMMOBILIER","article_modified_time":"2021-05-20T07:00:49+00:00","twitter_card":"summary_large_image","twitter_misc":{"Dur\u00e9e de lecture estim\u00e9e":"1 minute"},"schema":{"@context":"https:\/\/schema.org","@graph":[{"@type":"WebSite","@id":"https:\/\/fueyo-immobilier.fr\/#website","url":"https:\/\/fueyo-immobilier.fr\/","name":"FUEYO IMMMOBILIER","description":"","potentialAction":[{"@type":"SearchAction","target":{"@type":"EntryPoint","urlTemplate":"https:\/\/fueyo-immobilier.fr\/?s={search_term_string}"},"query-input":"required name=search_term_string"}],"inLanguage":"fr-FR"},{"@type":"WebPage","@id":"https:\/\/fueyo-immobilier.fr\/?page_id=221#webpage","url":"https:\/\/fueyo-immobilier.fr\/?page_id=221","name":"Mentions L\u00e9gales - FUEYO IMMMOBILIER","isPartOf":{"@id":"https:\/\/fueyo-immobilier.fr\/#website"},"datePublished":"2021-05-15T14:24:36+00:00","dateModified":"2021-05-20T07:00:49+00:00","description":"Vous trouverez sur cette page les mentions l\u00e9gales qui correspondent \u00e0 l'\u00e9tablissement FUEYO IMMOBILIER. Agence immobili\u00e8re de proximit\u00e9.","breadcrumb":{"@id":"https:\/\/fueyo-immobilier.fr\/?page_id=221#breadcrumb"},"inLanguage":"fr-FR","potentialAction":[{"@type":"ReadAction","target":["https:\/\/fueyo-immobilier.fr\/?page_id=221"]}]},{"@type":"BreadcrumbList","@id":"https:\/\/fueyo-immobilier.fr\/?page_id=221#breadcrumb","itemListElement":[{"@type":"ListItem","position":1,"name":"Accueil","item":"https:\/\/fueyo-immobilier.fr\/"},{"@type":"ListItem","position":2,"name":"Mentions L\u00e9gales"}]}]}},"_links":{"self":[{"href":"https:\/\/fueyo-immobilier.fr\/index.php?rest_route=\/wp\/v2\/pages\/221"}],"collection":[{"href":"https:\/\/fueyo-immobilier.fr\/index.php?rest_route=\/wp\/v2\/pages"}],"about":[{"href":"https:\/\/fueyo-immobilier.fr\/index.php?rest_route=\/wp\/v2\/types\/page"}],"author":[{"embeddable":true,"href":"https:\/\/fueyo-immobilier.fr\/index.php?rest_route=\/wp\/v2\/users\/1"}],"replies":[{"embeddable":true,"href":"https:\/\/fueyo-immobilier.fr\/index.php?rest_route=%2Fwp%2Fv2%2Fcomments&post=221"}],"version-history":[{"count":4,"href":"https:\/\/fueyo-immobilier.fr\/index.php?rest_route=\/wp\/v2\/pages\/221\/revisions"}],"predecessor-version":[{"id":498,"href":"https:\/\/fueyo-immobilier.fr\/index.php?rest_route=\/wp\/v2\/pages\/221\/revisions\/498"}],"wp:attachment":[{"href":"https:\/\/fueyo-immobilier.fr\/index.php?rest_route=%2Fwp%2Fv2%2Fmedia&parent=221"}],"curies":[{"name":"wp","href":"https:\/\/api.w.org\/{rel}","templated":true}]}}