{"id":159,"date":"2021-05-14T16:26:07","date_gmt":"2021-05-14T14:26:07","guid":{"rendered":"https:\/\/fueyo-immobilier.fr\/?page_id=159"},"modified":"2021-06-04T10:13:02","modified_gmt":"2021-06-04T08:13:02","slug":"nos-biens","status":"publish","type":"page","link":"https:\/\/fueyo-immobilier.fr\/?page_id=159","title":{"rendered":"Nos Biens"},"content":{"rendered":"\t\t<div data-elementor-type=\"wp-page\" data-elementor-id=\"159\" class=\"elementor elementor-159\">\n\t\t\t\t\t\t\t\t\t<section class=\"elementor-section elementor-top-section elementor-element elementor-element-dfaa045 elementor-section-boxed elementor-section-height-default elementor-section-height-default\" data-id=\"dfaa045\" data-element_type=\"section\">\n\t\t\t\t\t\t<div class=\"elementor-container elementor-column-gap-default\">\n\t\t\t\t\t<div class=\"elementor-column elementor-col-100 elementor-top-column elementor-element elementor-element-5f0482f\" data-id=\"5f0482f\" data-element_type=\"column\">\n\t\t\t<div class=\"elementor-widget-wrap elementor-element-populated\">\n\t\t\t\t\t\t\t\t<div class=\"elementor-element elementor-element-dc914ab elementor-widget elementor-widget-text-editor\" data-id=\"dc914ab\" data-element_type=\"widget\" data-widget_type=\"text-editor.default\">\n\t\t\t\t<div class=\"elementor-widget-container\">\n\t\t\t\t\t\t\t<h5>D\u00e9couvrez les biens que nous avons vendus et ceux que nous avons actuellement \u00e0 la vente.<\/h5><h5>N\u2019h\u00e9sitez pas \u00e0 nous contacter afin d\u2019\u00e9changer autour de votre projet\u00a0: changement de vie, investissement immobilier, premier achat, lancement dans l\u2019entrepreneuriat&#8230;<span class=\"Apple-converted-space\">\u00a0<\/span><\/h5><h5>Nous saurons vous pr\u00e9senter les solutions et services que nous pouvons mettre \u00e0 votre disposition, et nous pourrons rechercher un bien qui correspond \u00e0 vos attentes.<\/h5>\t\t\t\t\t\t<\/div>\n\t\t\t\t<\/div>\n\t\t\t\t<div class=\"elementor-element elementor-element-5b6755b elementor-widget elementor-widget-spacer\" data-id=\"5b6755b\" data-element_type=\"widget\" data-widget_type=\"spacer.default\">\n\t\t\t\t<div class=\"elementor-widget-container\">\n\t\t\t\t\t<div class=\"elementor-spacer\">\n\t\t\t<div class=\"elementor-spacer-inner\"><\/div>\n\t\t<\/div>\n\t\t\t\t<\/div>\n\t\t\t\t<\/div>\n\t\t\t\t\t<\/div>\n\t\t<\/div>\n\t\t\t\t\t\t\t<\/div>\n\t\t<\/section>\n\t\t\t\t<section class=\"elementor-section elementor-top-section elementor-element elementor-element-c6229d3 elementor-section-boxed elementor-section-height-default elementor-section-height-default\" data-id=\"c6229d3\" data-element_type=\"section\">\n\t\t\t\t\t\t<div class=\"elementor-container elementor-column-gap-default\">\n\t\t\t\t\t<div class=\"elementor-column elementor-col-50 elementor-top-column elementor-element elementor-element-54c72a0\" data-id=\"54c72a0\" data-element_type=\"column\">\n\t\t\t<div class=\"elementor-widget-wrap elementor-element-populated\">\n\t\t\t\t\t\t\t\t<div class=\"elementor-element elementor-element-5a26de6 elementor-widget elementor-widget-heading\" data-id=\"5a26de6\" data-element_type=\"widget\" data-widget_type=\"heading.default\">\n\t\t\t\t<div class=\"elementor-widget-container\">\n\t\t\t<h2 class=\"elementor-heading-title elementor-size-default\">Nos Biens \u00e0 la Vente<\/h2>\t\t<\/div>\n\t\t\t\t<\/div>\n\t\t\t\t<div class=\"elementor-element elementor-element-9cba2ac elementor-widget elementor-widget-spacer\" data-id=\"9cba2ac\" data-element_type=\"widget\" data-widget_type=\"spacer.default\">\n\t\t\t\t<div class=\"elementor-widget-container\">\n\t\t\t\t\t<div class=\"elementor-spacer\">\n\t\t\t<div class=\"elementor-spacer-inner\"><\/div>\n\t\t<\/div>\n\t\t\t\t<\/div>\n\t\t\t\t<\/div>\n\t\t\t\t<div class=\"elementor-element elementor-element-31970f6 elementor-widget elementor-widget-image\" data-id=\"31970f6\" data-element_type=\"widget\" data-widget_type=\"image.default\">\n\t\t\t\t<div class=\"elementor-widget-container\">\n\t\t\t\t\t\t\t\t\t\t\t\t\t\t\t\t<a href=\"https:\/\/fueyo-immobilier.fr\/?page_id=447(ouvre%20un%20nouvel%20onglet)\">\n\t\t\t\t\t\t\t<img src=\"https:\/\/fueyo-immobilier.fr\/wp-content\/uploads\/elementor\/thumbs\/IMG_1814-scaled-p7b2vriua6ghiqvoix4f9jwmnbwpmcem98q078oo0w.jpg\" title=\"Fueyo Immobilier &#8211; Maison de Village\" alt=\"Fueyo Immobilier - Maison de Village\" loading=\"lazy\" \/>\t\t\t\t\t\t\t\t<\/a>\n\t\t\t\t\t\t\t\t\t\t\t\t\t\t\t<\/div>\n\t\t\t\t<\/div>\n\t\t\t\t\t<\/div>\n\t\t<\/div>\n\t\t\t\t<div class=\"elementor-column elementor-col-50 elementor-top-column elementor-element elementor-element-d58e828\" data-id=\"d58e828\" data-element_type=\"column\">\n\t\t\t<div class=\"elementor-widget-wrap elementor-element-populated\">\n\t\t\t\t\t\t\t\t<div class=\"elementor-element elementor-element-17aa577 elementor-widget elementor-widget-heading\" data-id=\"17aa577\" data-element_type=\"widget\" data-widget_type=\"heading.default\">\n\t\t\t\t<div class=\"elementor-widget-container\">\n\t\t\t<h2 class=\"elementor-heading-title elementor-size-default\">Nos Biens Vendus<\/h2>\t\t<\/div>\n\t\t\t\t<\/div>\n\t\t\t\t<div class=\"elementor-element elementor-element-f5d6c94 elementor-widget elementor-widget-spacer\" data-id=\"f5d6c94\" data-element_type=\"widget\" data-widget_type=\"spacer.default\">\n\t\t\t\t<div class=\"elementor-widget-container\">\n\t\t\t\t\t<div class=\"elementor-spacer\">\n\t\t\t<div class=\"elementor-spacer-inner\"><\/div>\n\t\t<\/div>\n\t\t\t\t<\/div>\n\t\t\t\t<\/div>\n\t\t\t\t<div class=\"elementor-element elementor-element-cd72fe5 elementor-widget elementor-widget-image\" data-id=\"cd72fe5\" data-element_type=\"widget\" data-widget_type=\"image.default\">\n\t\t\t\t<div class=\"elementor-widget-container\">\n\t\t\t\t\t\t\t\t\t\t\t\t\t\t\t\t<a href=\"https:\/\/fueyo-immobilier.fr\/?page_id=456\">\n\t\t\t\t\t\t\t<img src=\"https:\/\/fueyo-immobilier.fr\/wp-content\/uploads\/elementor\/thumbs\/IMG_8368-scaled-p7b2tp9la9mu1jvjkj0wakn7pw2pq97tn16nadqrog.jpg\" title=\"Fueyo Immobilier &#8211; Fa\u00e7ade de maison\" alt=\"Fueyo Immobilier - Fa\u00e7ade de maison\" loading=\"lazy\" \/>\t\t\t\t\t\t\t\t<\/a>\n\t\t\t\t\t\t\t\t\t\t\t\t\t\t\t<\/div>\n\t\t\t\t<\/div>\n\t\t\t\t\t<\/div>\n\t\t<\/div>\n\t\t\t\t\t\t\t<\/div>\n\t\t<\/section>\n\t\t\t\t<section class=\"elementor-section elementor-top-section elementor-element elementor-element-b52ed12 elementor-section-boxed elementor-section-height-default elementor-section-height-default\" data-id=\"b52ed12\" data-element_type=\"section\">\n\t\t\t\t\t\t<div class=\"elementor-container elementor-column-gap-default\">\n\t\t\t\t\t<div class=\"elementor-column elementor-col-100 elementor-top-column elementor-element elementor-element-65f10de\" data-id=\"65f10de\" data-element_type=\"column\">\n\t\t\t<div class=\"elementor-widget-wrap elementor-element-populated\">\n\t\t\t\t\t\t\t\t<div class=\"elementor-element elementor-element-10f1afc elementor-widget elementor-widget-spacer\" data-id=\"10f1afc\" data-element_type=\"widget\" data-widget_type=\"spacer.default\">\n\t\t\t\t<div class=\"elementor-widget-container\">\n\t\t\t\t\t<div class=\"elementor-spacer\">\n\t\t\t<div class=\"elementor-spacer-inner\"><\/div>\n\t\t<\/div>\n\t\t\t\t<\/div>\n\t\t\t\t<\/div>\n\t\t\t\t<div class=\"elementor-element elementor-element-93239a8 elementor-widget elementor-widget-heading\" data-id=\"93239a8\" data-element_type=\"widget\" data-widget_type=\"heading.default\">\n\t\t\t\t<div class=\"elementor-widget-container\">\n\t\t\t<h2 class=\"elementor-heading-title elementor-size-default\">Notre Savoir-Faire<\/h2>\t\t<\/div>\n\t\t\t\t<\/div>\n\t\t\t\t<div class=\"elementor-element elementor-element-16ac852 elementor-widget elementor-widget-spacer\" data-id=\"16ac852\" data-element_type=\"widget\" data-widget_type=\"spacer.default\">\n\t\t\t\t<div class=\"elementor-widget-container\">\n\t\t\t\t\t<div class=\"elementor-spacer\">\n\t\t\t<div class=\"elementor-spacer-inner\"><\/div>\n\t\t<\/div>\n\t\t\t\t<\/div>\n\t\t\t\t<\/div>\n\t\t\t\t<div class=\"elementor-element elementor-element-367d386 elementor-widget elementor-widget-text-editor\" data-id=\"367d386\" data-element_type=\"widget\" data-widget_type=\"text-editor.default\">\n\t\t\t\t<div class=\"elementor-widget-container\">\n\t\t\t\t\t\t\t<h5>Notre accompagnement, ce n\u2019est pas seulement vous pr\u00e9senter un bien qui correspond \u00e0 vos crit\u00e8res.<\/h5><h5>Notre m\u00e9tier, c\u2019est de savoir pourquoi nous vous le pr\u00e9sentons : une \u00e9cole pour vos enfants au coin de la rue, des commerces de proximit\u00e9 \u00e0 deux pas de chez vous, des axes routiers proches de votre domicile, des facilit\u00e9s de transports dans votre quartier&#8230;<\/h5><h5>Notre m\u00e9tier, c\u2019est de conna\u00eetre vos attentes et vos envies pour envisager de belles visites\u00a0!<\/h5>\t\t\t\t\t\t<\/div>\n\t\t\t\t<\/div>\n\t\t\t\t\t<\/div>\n\t\t<\/div>\n\t\t\t\t\t\t\t<\/div>\n\t\t<\/section>\n\t\t\t\t\t\t\t<\/div>\n\t\t","protected":false},"excerpt":{"rendered":"<p>D\u00e9couvrez les biens que nous avons vendus et ceux que nous avons actuellement \u00e0 la vente. N\u2019h\u00e9sitez pas \u00e0 nous contacter afin d\u2019\u00e9changer autour de votre projet\u00a0: changement de vie, investissement immobilier, premier achat, lancement dans l\u2019entrepreneuriat&#8230;\u00a0 Nous saurons vous pr\u00e9senter les solutions et services que nous pouvons mettre \u00e0<\/p>\n<div class=\"re-read-more\"><a class=\"read-more\" href=\"https:\/\/fueyo-immobilier.fr\/?page_id=159\">Read More&#8230;<\/a><\/div>\n","protected":false},"author":1,"featured_media":0,"parent":0,"menu_order":0,"comment_status":"closed","ping_status":"closed","template":"","meta":[],"yoast_head":"<!-- This site is optimized with the Yoast SEO plugin v18.4.1 - https:\/\/yoast.com\/wordpress\/plugins\/seo\/ -->\n<title>Nos Biens - FUEYO IMMMOBILIER<\/title>\n<meta name=\"description\" content=\"Fueyo immobilier est une agence immobili\u00e8re sp\u00e9cialis\u00e9e dans la transaction immobili\u00e8re. D\u00e9couvrez les biens que nous pouvons vous propos\u00e9s ainsi que les biens que nous avons vendu. N\u2019en doutez pas, nous saurons trouver celui dont vous r\u00eavez.\" \/>\n<meta name=\"robots\" content=\"index, follow, max-snippet:-1, max-image-preview:large, max-video-preview:-1\" \/>\n<link rel=\"canonical\" href=\"https:\/\/fueyo-immobilier.fr\/?page_id=159\" \/>\n<meta property=\"og:locale\" content=\"fr_FR\" \/>\n<meta property=\"og:type\" content=\"article\" \/>\n<meta property=\"og:title\" content=\"Nos Biens - FUEYO IMMMOBILIER\" \/>\n<meta property=\"og:description\" content=\"Fueyo immobilier est une agence immobili\u00e8re sp\u00e9cialis\u00e9e dans la transaction immobili\u00e8re. D\u00e9couvrez les biens que nous pouvons vous propos\u00e9s ainsi que les biens que nous avons vendu. N\u2019en doutez pas, nous saurons trouver celui dont vous r\u00eavez.\" \/>\n<meta property=\"og:url\" content=\"https:\/\/fueyo-immobilier.fr\/?page_id=159\" \/>\n<meta property=\"og:site_name\" content=\"FUEYO IMMMOBILIER\" \/>\n<meta property=\"article:modified_time\" content=\"2021-06-04T08:13:02+00:00\" \/>\n<meta property=\"og:image\" content=\"https:\/\/fueyo-immobilier.fr\/wp-content\/uploads\/elementor\/thumbs\/IMG_1814-scaled-p7b2vriua6ghiqvoix4f9jwmnbwpmcem98q078oo0w.jpg\" \/>\n<meta name=\"twitter:card\" content=\"summary_large_image\" \/>\n<meta name=\"twitter:label1\" content=\"Dur\u00e9e de lecture estim\u00e9e\" \/>\n\t<meta name=\"twitter:data1\" content=\"2 minutes\" \/>\n<script type=\"application\/ld+json\" class=\"yoast-schema-graph\">{\"@context\":\"https:\/\/schema.org\",\"@graph\":[{\"@type\":\"WebSite\",\"@id\":\"https:\/\/fueyo-immobilier.fr\/#website\",\"url\":\"https:\/\/fueyo-immobilier.fr\/\",\"name\":\"FUEYO IMMMOBILIER\",\"description\":\"\",\"potentialAction\":[{\"@type\":\"SearchAction\",\"target\":{\"@type\":\"EntryPoint\",\"urlTemplate\":\"https:\/\/fueyo-immobilier.fr\/?s={search_term_string}\"},\"query-input\":\"required name=search_term_string\"}],\"inLanguage\":\"fr-FR\"},{\"@type\":\"ImageObject\",\"@id\":\"https:\/\/fueyo-immobilier.fr\/?page_id=159#primaryimage\",\"inLanguage\":\"fr-FR\",\"url\":\"https:\/\/fueyo-immobilier.fr\/wp-content\/uploads\/elementor\/thumbs\/IMG_1814-scaled-p7b2vriua6ghiqvoix4f9jwmnbwpmcem98q078oo0w.jpg\",\"contentUrl\":\"https:\/\/fueyo-immobilier.fr\/wp-content\/uploads\/elementor\/thumbs\/IMG_1814-scaled-p7b2vriua6ghiqvoix4f9jwmnbwpmcem98q078oo0w.jpg\"},{\"@type\":\"WebPage\",\"@id\":\"https:\/\/fueyo-immobilier.fr\/?page_id=159#webpage\",\"url\":\"https:\/\/fueyo-immobilier.fr\/?page_id=159\",\"name\":\"Nos Biens - FUEYO IMMMOBILIER\",\"isPartOf\":{\"@id\":\"https:\/\/fueyo-immobilier.fr\/#website\"},\"primaryImageOfPage\":{\"@id\":\"https:\/\/fueyo-immobilier.fr\/?page_id=159#primaryimage\"},\"datePublished\":\"2021-05-14T14:26:07+00:00\",\"dateModified\":\"2021-06-04T08:13:02+00:00\",\"description\":\"Fueyo immobilier est une agence immobili\u00e8re sp\u00e9cialis\u00e9e dans la transaction immobili\u00e8re. D\u00e9couvrez les biens que nous pouvons vous propos\u00e9s ainsi que les biens que nous avons vendu. N\u2019en doutez pas, nous saurons trouver celui dont vous r\u00eavez.\",\"breadcrumb\":{\"@id\":\"https:\/\/fueyo-immobilier.fr\/?page_id=159#breadcrumb\"},\"inLanguage\":\"fr-FR\",\"potentialAction\":[{\"@type\":\"ReadAction\",\"target\":[\"https:\/\/fueyo-immobilier.fr\/?page_id=159\"]}]},{\"@type\":\"BreadcrumbList\",\"@id\":\"https:\/\/fueyo-immobilier.fr\/?page_id=159#breadcrumb\",\"itemListElement\":[{\"@type\":\"ListItem\",\"position\":1,\"name\":\"Accueil\",\"item\":\"https:\/\/fueyo-immobilier.fr\/\"},{\"@type\":\"ListItem\",\"position\":2,\"name\":\"Nos Biens\"}]}]}<\/script>\n<!-- \/ Yoast SEO plugin. -->","yoast_head_json":{"title":"Nos Biens - FUEYO IMMMOBILIER","description":"Fueyo immobilier est une agence immobili\u00e8re sp\u00e9cialis\u00e9e dans la transaction immobili\u00e8re. D\u00e9couvrez les biens que nous pouvons vous propos\u00e9s ainsi que les biens que nous avons vendu. N\u2019en doutez pas, nous saurons trouver celui dont vous r\u00eavez.","robots":{"index":"index","follow":"follow","max-snippet":"max-snippet:-1","max-image-preview":"max-image-preview:large","max-video-preview":"max-video-preview:-1"},"canonical":"https:\/\/fueyo-immobilier.fr\/?page_id=159","og_locale":"fr_FR","og_type":"article","og_title":"Nos Biens - FUEYO IMMMOBILIER","og_description":"Fueyo immobilier est une agence immobili\u00e8re sp\u00e9cialis\u00e9e dans la transaction immobili\u00e8re. D\u00e9couvrez les biens que nous pouvons vous propos\u00e9s ainsi que les biens que nous avons vendu. N\u2019en doutez pas, nous saurons trouver celui dont vous r\u00eavez.","og_url":"https:\/\/fueyo-immobilier.fr\/?page_id=159","og_site_name":"FUEYO IMMMOBILIER","article_modified_time":"2021-06-04T08:13:02+00:00","og_image":[{"url":"https:\/\/fueyo-immobilier.fr\/wp-content\/uploads\/elementor\/thumbs\/IMG_1814-scaled-p7b2vriua6ghiqvoix4f9jwmnbwpmcem98q078oo0w.jpg"}],"twitter_card":"summary_large_image","twitter_misc":{"Dur\u00e9e de lecture estim\u00e9e":"2 minutes"},"schema":{"@context":"https:\/\/schema.org","@graph":[{"@type":"WebSite","@id":"https:\/\/fueyo-immobilier.fr\/#website","url":"https:\/\/fueyo-immobilier.fr\/","name":"FUEYO IMMMOBILIER","description":"","potentialAction":[{"@type":"SearchAction","target":{"@type":"EntryPoint","urlTemplate":"https:\/\/fueyo-immobilier.fr\/?s={search_term_string}"},"query-input":"required name=search_term_string"}],"inLanguage":"fr-FR"},{"@type":"ImageObject","@id":"https:\/\/fueyo-immobilier.fr\/?page_id=159#primaryimage","inLanguage":"fr-FR","url":"https:\/\/fueyo-immobilier.fr\/wp-content\/uploads\/elementor\/thumbs\/IMG_1814-scaled-p7b2vriua6ghiqvoix4f9jwmnbwpmcem98q078oo0w.jpg","contentUrl":"https:\/\/fueyo-immobilier.fr\/wp-content\/uploads\/elementor\/thumbs\/IMG_1814-scaled-p7b2vriua6ghiqvoix4f9jwmnbwpmcem98q078oo0w.jpg"},{"@type":"WebPage","@id":"https:\/\/fueyo-immobilier.fr\/?page_id=159#webpage","url":"https:\/\/fueyo-immobilier.fr\/?page_id=159","name":"Nos Biens - FUEYO IMMMOBILIER","isPartOf":{"@id":"https:\/\/fueyo-immobilier.fr\/#website"},"primaryImageOfPage":{"@id":"https:\/\/fueyo-immobilier.fr\/?page_id=159#primaryimage"},"datePublished":"2021-05-14T14:26:07+00:00","dateModified":"2021-06-04T08:13:02+00:00","description":"Fueyo immobilier est une agence immobili\u00e8re sp\u00e9cialis\u00e9e dans la transaction immobili\u00e8re. D\u00e9couvrez les biens que nous pouvons vous propos\u00e9s ainsi que les biens que nous avons vendu. N\u2019en doutez pas, nous saurons trouver celui dont vous r\u00eavez.","breadcrumb":{"@id":"https:\/\/fueyo-immobilier.fr\/?page_id=159#breadcrumb"},"inLanguage":"fr-FR","potentialAction":[{"@type":"ReadAction","target":["https:\/\/fueyo-immobilier.fr\/?page_id=159"]}]},{"@type":"BreadcrumbList","@id":"https:\/\/fueyo-immobilier.fr\/?page_id=159#breadcrumb","itemListElement":[{"@type":"ListItem","position":1,"name":"Accueil","item":"https:\/\/fueyo-immobilier.fr\/"},{"@type":"ListItem","position":2,"name":"Nos Biens"}]}]}},"_links":{"self":[{"href":"https:\/\/fueyo-immobilier.fr\/index.php?rest_route=\/wp\/v2\/pages\/159"}],"collection":[{"href":"https:\/\/fueyo-immobilier.fr\/index.php?rest_route=\/wp\/v2\/pages"}],"about":[{"href":"https:\/\/fueyo-immobilier.fr\/index.php?rest_route=\/wp\/v2\/types\/page"}],"author":[{"embeddable":true,"href":"https:\/\/fueyo-immobilier.fr\/index.php?rest_route=\/wp\/v2\/users\/1"}],"replies":[{"embeddable":true,"href":"https:\/\/fueyo-immobilier.fr\/index.php?rest_route=%2Fwp%2Fv2%2Fcomments&post=159"}],"version-history":[{"count":34,"href":"https:\/\/fueyo-immobilier.fr\/index.php?rest_route=\/wp\/v2\/pages\/159\/revisions"}],"predecessor-version":[{"id":547,"href":"https:\/\/fueyo-immobilier.fr\/index.php?rest_route=\/wp\/v2\/pages\/159\/revisions\/547"}],"wp:attachment":[{"href":"https:\/\/fueyo-immobilier.fr\/index.php?rest_route=%2Fwp%2Fv2%2Fmedia&parent=159"}],"curies":[{"name":"wp","href":"https:\/\/api.w.org\/{rel}","templated":true}]}}