{"id":121,"date":"2021-05-14T09:43:53","date_gmt":"2021-05-14T07:43:53","guid":{"rendered":"http:\/\/fueyo-immobilier.fr\/?page_id=121"},"modified":"2021-06-04T10:24:46","modified_gmt":"2021-06-04T08:24:46","slug":"nos-biens-a-la-vente","status":"publish","type":"page","link":"https:\/\/fueyo-immobilier.fr\/?page_id=121","title":{"rendered":"Nous Confier Votre Bien"},"content":{"rendered":"\t\t<div data-elementor-type=\"wp-page\" data-elementor-id=\"121\" class=\"elementor elementor-121\">\n\t\t\t\t\t\t\t\t\t<section class=\"elementor-section elementor-top-section elementor-element elementor-element-02f398f elementor-section-boxed elementor-section-height-default elementor-section-height-default\" data-id=\"02f398f\" data-element_type=\"section\">\n\t\t\t\t\t\t<div class=\"elementor-container elementor-column-gap-default\">\n\t\t\t\t\t<div class=\"elementor-column elementor-col-100 elementor-top-column elementor-element elementor-element-84b82be\" data-id=\"84b82be\" data-element_type=\"column\">\n\t\t\t<div class=\"elementor-widget-wrap elementor-element-populated\">\n\t\t\t\t\t\t\t\t<div class=\"elementor-element elementor-element-2d85a55 elementor-widget elementor-widget-spacer\" data-id=\"2d85a55\" data-element_type=\"widget\" data-widget_type=\"spacer.default\">\n\t\t\t\t<div class=\"elementor-widget-container\">\n\t\t\t\t\t<div class=\"elementor-spacer\">\n\t\t\t<div class=\"elementor-spacer-inner\"><\/div>\n\t\t<\/div>\n\t\t\t\t<\/div>\n\t\t\t\t<\/div>\n\t\t\t\t\t<\/div>\n\t\t<\/div>\n\t\t\t\t\t\t\t<\/div>\n\t\t<\/section>\n\t\t\t\t<section class=\"elementor-section elementor-top-section elementor-element elementor-element-91b779b elementor-section-boxed elementor-section-height-default elementor-section-height-default\" data-id=\"91b779b\" data-element_type=\"section\">\n\t\t\t\t\t\t<div class=\"elementor-container elementor-column-gap-default\">\n\t\t\t\t\t<div class=\"elementor-column elementor-col-50 elementor-top-column elementor-element elementor-element-76be69c\" data-id=\"76be69c\" data-element_type=\"column\">\n\t\t\t<div class=\"elementor-widget-wrap elementor-element-populated\">\n\t\t\t\t\t\t\t\t<div class=\"elementor-element elementor-element-2b799b9 elementor-widget elementor-widget-spacer\" data-id=\"2b799b9\" data-element_type=\"widget\" data-widget_type=\"spacer.default\">\n\t\t\t\t<div class=\"elementor-widget-container\">\n\t\t\t\t\t<div class=\"elementor-spacer\">\n\t\t\t<div class=\"elementor-spacer-inner\"><\/div>\n\t\t<\/div>\n\t\t\t\t<\/div>\n\t\t\t\t<\/div>\n\t\t\t\t<div class=\"elementor-element elementor-element-5e603ba elementor-widget elementor-widget-heading\" data-id=\"5e603ba\" data-element_type=\"widget\" data-widget_type=\"heading.default\">\n\t\t\t\t<div class=\"elementor-widget-container\">\n\t\t\t<h2 class=\"elementor-heading-title elementor-size-default\">Se Projeter, ensemble<\/h2>\t\t<\/div>\n\t\t\t\t<\/div>\n\t\t\t\t<div class=\"elementor-element elementor-element-cb509e7 elementor-widget elementor-widget-spacer\" data-id=\"cb509e7\" data-element_type=\"widget\" data-widget_type=\"spacer.default\">\n\t\t\t\t<div class=\"elementor-widget-container\">\n\t\t\t\t\t<div class=\"elementor-spacer\">\n\t\t\t<div class=\"elementor-spacer-inner\"><\/div>\n\t\t<\/div>\n\t\t\t\t<\/div>\n\t\t\t\t<\/div>\n\t\t\t\t<div class=\"elementor-element elementor-element-4257733 elementor-widget elementor-widget-text-editor\" data-id=\"4257733\" data-element_type=\"widget\" data-widget_type=\"text-editor.default\">\n\t\t\t\t<div class=\"elementor-widget-container\">\n\t\t\t\t\t\t\t<h5>Passionn\u00e9s par ce m\u00e9tier, nous vous guidons avec s\u00e9r\u00e9nit\u00e9 et assurance tout au long du processus de vente.<\/h5><h5>Parce que nous savons que cela est un moment important de votre vie, nous consacrons toutes nos ressources pour vendre votre bien au meilleur prix du march\u00e9 et dans les meilleurs d\u00e9lais.<\/h5><h5>Nous faire confiance, c\u2019est devenir notre principal alli\u00e9 dans cette nouvelle aventure\u00a0!<\/h5>\t\t\t\t\t\t<\/div>\n\t\t\t\t<\/div>\n\t\t\t\t\t<\/div>\n\t\t<\/div>\n\t\t\t\t<div class=\"elementor-column elementor-col-50 elementor-top-column elementor-element elementor-element-68d6b71\" data-id=\"68d6b71\" data-element_type=\"column\">\n\t\t\t<div class=\"elementor-widget-wrap elementor-element-populated\">\n\t\t\t\t\t\t\t\t<div class=\"elementor-element elementor-element-b233515 elementor-widget elementor-widget-image\" data-id=\"b233515\" data-element_type=\"widget\" data-widget_type=\"image.default\">\n\t\t\t\t<div class=\"elementor-widget-container\">\n\t\t\t\t\t\t\t\t\t\t\t\t\t\t\t<img width=\"640\" height=\"480\" src=\"https:\/\/fueyo-immobilier.fr\/wp-content\/uploads\/2021\/05\/IMG_8645-1024x768.jpg\" class=\"attachment-large size-large wp-image-295\" alt=\"\" loading=\"lazy\" srcset=\"https:\/\/fueyo-immobilier.fr\/wp-content\/uploads\/2021\/05\/IMG_8645-1024x768.jpg 1024w, https:\/\/fueyo-immobilier.fr\/wp-content\/uploads\/2021\/05\/IMG_8645-300x225.jpg 300w, https:\/\/fueyo-immobilier.fr\/wp-content\/uploads\/2021\/05\/IMG_8645-768x576.jpg 768w, https:\/\/fueyo-immobilier.fr\/wp-content\/uploads\/2021\/05\/IMG_8645-1536x1152.jpg 1536w, https:\/\/fueyo-immobilier.fr\/wp-content\/uploads\/2021\/05\/IMG_8645-2048x1536.jpg 2048w\" sizes=\"(max-width: 640px) 100vw, 640px\" \/>\t\t\t\t\t\t\t\t\t\t\t\t\t\t\t<\/div>\n\t\t\t\t<\/div>\n\t\t\t\t\t<\/div>\n\t\t<\/div>\n\t\t\t\t\t\t\t<\/div>\n\t\t<\/section>\n\t\t\t\t<section class=\"elementor-section elementor-top-section elementor-element elementor-element-891c63d elementor-section-boxed elementor-section-height-default elementor-section-height-default\" data-id=\"891c63d\" data-element_type=\"section\">\n\t\t\t\t\t\t<div class=\"elementor-container elementor-column-gap-default\">\n\t\t\t\t\t<div class=\"elementor-column elementor-col-100 elementor-top-column elementor-element elementor-element-bc1ddab\" data-id=\"bc1ddab\" data-element_type=\"column\">\n\t\t\t<div class=\"elementor-widget-wrap elementor-element-populated\">\n\t\t\t\t\t\t\t\t<div class=\"elementor-element elementor-element-46bbbee elementor-widget elementor-widget-spacer\" data-id=\"46bbbee\" data-element_type=\"widget\" data-widget_type=\"spacer.default\">\n\t\t\t\t<div class=\"elementor-widget-container\">\n\t\t\t\t\t<div class=\"elementor-spacer\">\n\t\t\t<div class=\"elementor-spacer-inner\"><\/div>\n\t\t<\/div>\n\t\t\t\t<\/div>\n\t\t\t\t<\/div>\n\t\t\t\t\t<\/div>\n\t\t<\/div>\n\t\t\t\t\t\t\t<\/div>\n\t\t<\/section>\n\t\t\t\t<section class=\"elementor-section elementor-top-section elementor-element elementor-element-7b6fb15 elementor-section-boxed elementor-section-height-default elementor-section-height-default\" data-id=\"7b6fb15\" data-element_type=\"section\">\n\t\t\t\t\t\t<div class=\"elementor-container elementor-column-gap-default\">\n\t\t\t\t\t<div class=\"elementor-column elementor-col-50 elementor-top-column elementor-element elementor-element-233deb0\" data-id=\"233deb0\" data-element_type=\"column\">\n\t\t\t<div class=\"elementor-widget-wrap elementor-element-populated\">\n\t\t\t\t\t\t\t\t<div class=\"elementor-element elementor-element-740a333 elementor-widget elementor-widget-spacer\" data-id=\"740a333\" data-element_type=\"widget\" data-widget_type=\"spacer.default\">\n\t\t\t\t<div class=\"elementor-widget-container\">\n\t\t\t\t\t<div class=\"elementor-spacer\">\n\t\t\t<div class=\"elementor-spacer-inner\"><\/div>\n\t\t<\/div>\n\t\t\t\t<\/div>\n\t\t\t\t<\/div>\n\t\t\t\t<div class=\"elementor-element elementor-element-0d5561a elementor-widget elementor-widget-image\" data-id=\"0d5561a\" data-element_type=\"widget\" data-widget_type=\"image.default\">\n\t\t\t\t<div class=\"elementor-widget-container\">\n\t\t\t\t\t\t\t\t\t\t\t\t\t\t\t<img width=\"640\" height=\"480\" src=\"https:\/\/fueyo-immobilier.fr\/wp-content\/uploads\/2021\/05\/IMG_8497-1024x768.jpg\" class=\"attachment-large size-large wp-image-317\" alt=\"\" loading=\"lazy\" srcset=\"https:\/\/fueyo-immobilier.fr\/wp-content\/uploads\/2021\/05\/IMG_8497-1024x768.jpg 1024w, https:\/\/fueyo-immobilier.fr\/wp-content\/uploads\/2021\/05\/IMG_8497-300x225.jpg 300w, https:\/\/fueyo-immobilier.fr\/wp-content\/uploads\/2021\/05\/IMG_8497-768x576.jpg 768w, https:\/\/fueyo-immobilier.fr\/wp-content\/uploads\/2021\/05\/IMG_8497-1536x1152.jpg 1536w, https:\/\/fueyo-immobilier.fr\/wp-content\/uploads\/2021\/05\/IMG_8497.jpg 2016w\" sizes=\"(max-width: 640px) 100vw, 640px\" \/>\t\t\t\t\t\t\t\t\t\t\t\t\t\t\t<\/div>\n\t\t\t\t<\/div>\n\t\t\t\t\t<\/div>\n\t\t<\/div>\n\t\t\t\t<div class=\"elementor-column elementor-col-50 elementor-top-column elementor-element elementor-element-81a86bb\" data-id=\"81a86bb\" data-element_type=\"column\">\n\t\t\t<div class=\"elementor-widget-wrap elementor-element-populated\">\n\t\t\t\t\t\t\t\t<div class=\"elementor-element elementor-element-69db146 elementor-widget elementor-widget-spacer\" data-id=\"69db146\" data-element_type=\"widget\" data-widget_type=\"spacer.default\">\n\t\t\t\t<div class=\"elementor-widget-container\">\n\t\t\t\t\t<div class=\"elementor-spacer\">\n\t\t\t<div class=\"elementor-spacer-inner\"><\/div>\n\t\t<\/div>\n\t\t\t\t<\/div>\n\t\t\t\t<\/div>\n\t\t\t\t<div class=\"elementor-element elementor-element-01c1bce elementor-widget elementor-widget-heading\" data-id=\"01c1bce\" data-element_type=\"widget\" data-widget_type=\"heading.default\">\n\t\t\t\t<div class=\"elementor-widget-container\">\n\t\t\t<h2 class=\"elementor-heading-title elementor-size-default\">Conna\u00eetre votre bien<\/h2>\t\t<\/div>\n\t\t\t\t<\/div>\n\t\t\t\t<div class=\"elementor-element elementor-element-d8bcff1 elementor-widget elementor-widget-spacer\" data-id=\"d8bcff1\" data-element_type=\"widget\" data-widget_type=\"spacer.default\">\n\t\t\t\t<div class=\"elementor-widget-container\">\n\t\t\t\t\t<div class=\"elementor-spacer\">\n\t\t\t<div class=\"elementor-spacer-inner\"><\/div>\n\t\t<\/div>\n\t\t\t\t<\/div>\n\t\t\t\t<\/div>\n\t\t\t\t<div class=\"elementor-element elementor-element-51fef41 elementor-widget elementor-widget-text-editor\" data-id=\"51fef41\" data-element_type=\"widget\" data-widget_type=\"text-editor.default\">\n\t\t\t\t<div class=\"elementor-widget-container\">\n\t\t\t\t\t\t\t<h5>Notre valeur ajout\u00e9e se trouve dans la ma\u00eetrise des \u00e9l\u00e9ments qui composent votre bien : son histoire, son architecture, son environnement, son potentiel.<\/h5><h5>Notre expertise nous permet de le rendre unique et atypique pour certains, aux yeux des acqu\u00e9reurs.<span class=\"Apple-converted-space\">\u00a0<\/span><\/h5><h5>Pour se faire, nous proposons diff\u00e9rentes actions :<\/h5><h5>Communiquer autrement<\/h5><h5>S\u2019appuyer sur le regard d\u2019un expert du b\u00e2timent<\/h5><h5>Travailler avec un photographe ou vid\u00e9aste\u00a0<\/h5><h5>Faire appel \u00e0 un architecte d\u2019int\u00e9rieur, d\u00e9corateur (am\u00e9nagements d&#8217;espace et homestaging)<\/h5><h5>Notre marque de fabrique c\u2019est exploiter les qualit\u00e9s de votre bien pour mieux le r\u00e9v\u00e9ler.<\/h5>\t\t\t\t\t\t<\/div>\n\t\t\t\t<\/div>\n\t\t\t\t\t<\/div>\n\t\t<\/div>\n\t\t\t\t\t\t\t<\/div>\n\t\t<\/section>\n\t\t\t\t\t\t\t<\/div>\n\t\t","protected":false},"excerpt":{"rendered":"<p>Se Projeter, ensemble Passionn\u00e9s par ce m\u00e9tier, nous vous guidons avec s\u00e9r\u00e9nit\u00e9 et assurance tout au long du processus de vente. Parce que nous savons que cela est un moment important de votre vie, nous consacrons toutes nos ressources pour vendre votre bien au meilleur prix du march\u00e9 et dans<\/p>\n<div class=\"re-read-more\"><a class=\"read-more\" href=\"https:\/\/fueyo-immobilier.fr\/?page_id=121\">Read More&#8230;<\/a><\/div>\n","protected":false},"author":1,"featured_media":0,"parent":0,"menu_order":0,"comment_status":"closed","ping_status":"closed","template":"","meta":[],"yoast_head":"<!-- This site is optimized with the Yoast SEO plugin v18.4.1 - https:\/\/yoast.com\/wordpress\/plugins\/seo\/ -->\n<title>Nous Confier Votre Bien - FUEYO IMMMOBILIER<\/title>\n<meta name=\"description\" content=\"Fueyo immobilier est une agence immobili\u00e8re sp\u00e9cialis\u00e9e dans la transaction immobili\u00e8re. Parce que vous avez un nouveau projet et qu\u2019il est important, faites nous confiance pour vous accompagner. Nous saurons vendre votre bien au meilleur prix et dans les meilleurs d\u00e9lais.\" \/>\n<meta name=\"robots\" content=\"index, follow, max-snippet:-1, max-image-preview:large, max-video-preview:-1\" \/>\n<link rel=\"canonical\" href=\"https:\/\/fueyo-immobilier.fr\/?page_id=121\" \/>\n<meta property=\"og:locale\" content=\"fr_FR\" \/>\n<meta property=\"og:type\" content=\"article\" \/>\n<meta property=\"og:title\" content=\"Nous Confier Votre Bien - FUEYO IMMMOBILIER\" \/>\n<meta property=\"og:description\" content=\"Fueyo immobilier est une agence immobili\u00e8re sp\u00e9cialis\u00e9e dans la transaction immobili\u00e8re. Parce que vous avez un nouveau projet et qu\u2019il est important, faites nous confiance pour vous accompagner. Nous saurons vendre votre bien au meilleur prix et dans les meilleurs d\u00e9lais.\" \/>\n<meta property=\"og:url\" content=\"https:\/\/fueyo-immobilier.fr\/?page_id=121\" \/>\n<meta property=\"og:site_name\" content=\"FUEYO IMMMOBILIER\" \/>\n<meta property=\"article:modified_time\" content=\"2021-06-04T08:24:46+00:00\" \/>\n<meta property=\"og:image\" content=\"https:\/\/fueyo-immobilier.fr\/wp-content\/uploads\/2021\/05\/IMG_8645-1024x768.jpg\" \/>\n<meta name=\"twitter:card\" content=\"summary_large_image\" \/>\n<meta name=\"twitter:label1\" content=\"Dur\u00e9e de lecture estim\u00e9e\" \/>\n\t<meta name=\"twitter:data1\" content=\"2 minutes\" \/>\n<script type=\"application\/ld+json\" class=\"yoast-schema-graph\">{\"@context\":\"https:\/\/schema.org\",\"@graph\":[{\"@type\":\"WebSite\",\"@id\":\"https:\/\/fueyo-immobilier.fr\/#website\",\"url\":\"https:\/\/fueyo-immobilier.fr\/\",\"name\":\"FUEYO IMMMOBILIER\",\"description\":\"\",\"potentialAction\":[{\"@type\":\"SearchAction\",\"target\":{\"@type\":\"EntryPoint\",\"urlTemplate\":\"https:\/\/fueyo-immobilier.fr\/?s={search_term_string}\"},\"query-input\":\"required name=search_term_string\"}],\"inLanguage\":\"fr-FR\"},{\"@type\":\"ImageObject\",\"@id\":\"https:\/\/fueyo-immobilier.fr\/?page_id=121#primaryimage\",\"inLanguage\":\"fr-FR\",\"url\":\"https:\/\/fueyo-immobilier.fr\/wp-content\/uploads\/2021\/05\/IMG_8645-1024x768.jpg\",\"contentUrl\":\"https:\/\/fueyo-immobilier.fr\/wp-content\/uploads\/2021\/05\/IMG_8645-1024x768.jpg\"},{\"@type\":\"WebPage\",\"@id\":\"https:\/\/fueyo-immobilier.fr\/?page_id=121#webpage\",\"url\":\"https:\/\/fueyo-immobilier.fr\/?page_id=121\",\"name\":\"Nous Confier Votre Bien - FUEYO IMMMOBILIER\",\"isPartOf\":{\"@id\":\"https:\/\/fueyo-immobilier.fr\/#website\"},\"primaryImageOfPage\":{\"@id\":\"https:\/\/fueyo-immobilier.fr\/?page_id=121#primaryimage\"},\"datePublished\":\"2021-05-14T07:43:53+00:00\",\"dateModified\":\"2021-06-04T08:24:46+00:00\",\"description\":\"Fueyo immobilier est une agence immobili\u00e8re sp\u00e9cialis\u00e9e dans la transaction immobili\u00e8re. Parce que vous avez un nouveau projet et qu\u2019il est important, faites nous confiance pour vous accompagner. Nous saurons vendre votre bien au meilleur prix et dans les meilleurs d\u00e9lais.\",\"breadcrumb\":{\"@id\":\"https:\/\/fueyo-immobilier.fr\/?page_id=121#breadcrumb\"},\"inLanguage\":\"fr-FR\",\"potentialAction\":[{\"@type\":\"ReadAction\",\"target\":[\"https:\/\/fueyo-immobilier.fr\/?page_id=121\"]}]},{\"@type\":\"BreadcrumbList\",\"@id\":\"https:\/\/fueyo-immobilier.fr\/?page_id=121#breadcrumb\",\"itemListElement\":[{\"@type\":\"ListItem\",\"position\":1,\"name\":\"Accueil\",\"item\":\"https:\/\/fueyo-immobilier.fr\/\"},{\"@type\":\"ListItem\",\"position\":2,\"name\":\"Nous Confier Votre Bien\"}]}]}<\/script>\n<!-- \/ Yoast SEO plugin. -->","yoast_head_json":{"title":"Nous Confier Votre Bien - FUEYO IMMMOBILIER","description":"Fueyo immobilier est une agence immobili\u00e8re sp\u00e9cialis\u00e9e dans la transaction immobili\u00e8re. Parce que vous avez un nouveau projet et qu\u2019il est important, faites nous confiance pour vous accompagner. Nous saurons vendre votre bien au meilleur prix et dans les meilleurs d\u00e9lais.","robots":{"index":"index","follow":"follow","max-snippet":"max-snippet:-1","max-image-preview":"max-image-preview:large","max-video-preview":"max-video-preview:-1"},"canonical":"https:\/\/fueyo-immobilier.fr\/?page_id=121","og_locale":"fr_FR","og_type":"article","og_title":"Nous Confier Votre Bien - FUEYO IMMMOBILIER","og_description":"Fueyo immobilier est une agence immobili\u00e8re sp\u00e9cialis\u00e9e dans la transaction immobili\u00e8re. Parce que vous avez un nouveau projet et qu\u2019il est important, faites nous confiance pour vous accompagner. Nous saurons vendre votre bien au meilleur prix et dans les meilleurs d\u00e9lais.","og_url":"https:\/\/fueyo-immobilier.fr\/?page_id=121","og_site_name":"FUEYO IMMMOBILIER","article_modified_time":"2021-06-04T08:24:46+00:00","og_image":[{"url":"https:\/\/fueyo-immobilier.fr\/wp-content\/uploads\/2021\/05\/IMG_8645-1024x768.jpg"}],"twitter_card":"summary_large_image","twitter_misc":{"Dur\u00e9e de lecture estim\u00e9e":"2 minutes"},"schema":{"@context":"https:\/\/schema.org","@graph":[{"@type":"WebSite","@id":"https:\/\/fueyo-immobilier.fr\/#website","url":"https:\/\/fueyo-immobilier.fr\/","name":"FUEYO IMMMOBILIER","description":"","potentialAction":[{"@type":"SearchAction","target":{"@type":"EntryPoint","urlTemplate":"https:\/\/fueyo-immobilier.fr\/?s={search_term_string}"},"query-input":"required name=search_term_string"}],"inLanguage":"fr-FR"},{"@type":"ImageObject","@id":"https:\/\/fueyo-immobilier.fr\/?page_id=121#primaryimage","inLanguage":"fr-FR","url":"https:\/\/fueyo-immobilier.fr\/wp-content\/uploads\/2021\/05\/IMG_8645-1024x768.jpg","contentUrl":"https:\/\/fueyo-immobilier.fr\/wp-content\/uploads\/2021\/05\/IMG_8645-1024x768.jpg"},{"@type":"WebPage","@id":"https:\/\/fueyo-immobilier.fr\/?page_id=121#webpage","url":"https:\/\/fueyo-immobilier.fr\/?page_id=121","name":"Nous Confier Votre Bien - FUEYO IMMMOBILIER","isPartOf":{"@id":"https:\/\/fueyo-immobilier.fr\/#website"},"primaryImageOfPage":{"@id":"https:\/\/fueyo-immobilier.fr\/?page_id=121#primaryimage"},"datePublished":"2021-05-14T07:43:53+00:00","dateModified":"2021-06-04T08:24:46+00:00","description":"Fueyo immobilier est une agence immobili\u00e8re sp\u00e9cialis\u00e9e dans la transaction immobili\u00e8re. Parce que vous avez un nouveau projet et qu\u2019il est important, faites nous confiance pour vous accompagner. Nous saurons vendre votre bien au meilleur prix et dans les meilleurs d\u00e9lais.","breadcrumb":{"@id":"https:\/\/fueyo-immobilier.fr\/?page_id=121#breadcrumb"},"inLanguage":"fr-FR","potentialAction":[{"@type":"ReadAction","target":["https:\/\/fueyo-immobilier.fr\/?page_id=121"]}]},{"@type":"BreadcrumbList","@id":"https:\/\/fueyo-immobilier.fr\/?page_id=121#breadcrumb","itemListElement":[{"@type":"ListItem","position":1,"name":"Accueil","item":"https:\/\/fueyo-immobilier.fr\/"},{"@type":"ListItem","position":2,"name":"Nous Confier Votre Bien"}]}]}},"_links":{"self":[{"href":"https:\/\/fueyo-immobilier.fr\/index.php?rest_route=\/wp\/v2\/pages\/121"}],"collection":[{"href":"https:\/\/fueyo-immobilier.fr\/index.php?rest_route=\/wp\/v2\/pages"}],"about":[{"href":"https:\/\/fueyo-immobilier.fr\/index.php?rest_route=\/wp\/v2\/types\/page"}],"author":[{"embeddable":true,"href":"https:\/\/fueyo-immobilier.fr\/index.php?rest_route=\/wp\/v2\/users\/1"}],"replies":[{"embeddable":true,"href":"https:\/\/fueyo-immobilier.fr\/index.php?rest_route=%2Fwp%2Fv2%2Fcomments&post=121"}],"version-history":[{"count":67,"href":"https:\/\/fueyo-immobilier.fr\/index.php?rest_route=\/wp\/v2\/pages\/121\/revisions"}],"predecessor-version":[{"id":566,"href":"https:\/\/fueyo-immobilier.fr\/index.php?rest_route=\/wp\/v2\/pages\/121\/revisions\/566"}],"wp:attachment":[{"href":"https:\/\/fueyo-immobilier.fr\/index.php?rest_route=%2Fwp%2Fv2%2Fmedia&parent=121"}],"curies":[{"name":"wp","href":"https:\/\/api.w.org\/{rel}","templated":true}]}}