{"id":120,"date":"2021-05-14T09:43:53","date_gmt":"2021-05-14T07:43:53","guid":{"rendered":"http:\/\/fueyo-immobilier.fr\/?page_id=120"},"modified":"2021-06-04T10:11:11","modified_gmt":"2021-06-04T08:11:11","slug":"notre-agence","status":"publish","type":"page","link":"https:\/\/fueyo-immobilier.fr\/?page_id=120","title":{"rendered":"Notre Agence"},"content":{"rendered":"\t\t<div data-elementor-type=\"wp-page\" data-elementor-id=\"120\" class=\"elementor elementor-120\">\n\t\t\t\t\t\t\t\t\t<section class=\"elementor-section elementor-top-section elementor-element elementor-element-83c4d7d elementor-section-boxed elementor-section-height-default elementor-section-height-default\" data-id=\"83c4d7d\" data-element_type=\"section\">\n\t\t\t\t\t\t<div class=\"elementor-container elementor-column-gap-default\">\n\t\t\t\t\t<div class=\"elementor-column elementor-col-100 elementor-top-column elementor-element elementor-element-afba54a\" data-id=\"afba54a\" data-element_type=\"column\">\n\t\t\t<div class=\"elementor-widget-wrap elementor-element-populated\">\n\t\t\t\t\t\t\t\t<div class=\"elementor-element elementor-element-8c4e347 elementor-widget elementor-widget-spacer\" data-id=\"8c4e347\" data-element_type=\"widget\" data-widget_type=\"spacer.default\">\n\t\t\t\t<div class=\"elementor-widget-container\">\n\t\t\t\t\t<div class=\"elementor-spacer\">\n\t\t\t<div class=\"elementor-spacer-inner\"><\/div>\n\t\t<\/div>\n\t\t\t\t<\/div>\n\t\t\t\t<\/div>\n\t\t\t\t<div class=\"elementor-element elementor-element-e281db9 elementor-widget elementor-widget-text-editor\" data-id=\"e281db9\" data-element_type=\"widget\" data-widget_type=\"text-editor.default\">\n\t\t\t\t<div class=\"elementor-widget-container\">\n\t\t\t\t\t\t\t<h5>Notre objectif est de vous satisfaire\u00a0: notre engagement dans votre projet immobilier est donc total.<\/h5>\n<h5>Nous vous accompagnons \u00e0 chaque \u00e9tape\u00a0: que ce soit pour une recherche de bien (appartement, maison, immeuble, local commercial), pour la vente de votre bien, ou encore dans l\u2019\u00e9tude et le conseil personnalis\u00e9 de votre projet.<span class=\"Apple-converted-space\">\u00a0<\/span><\/h5>\n<h5>SATISFACTION &amp; SERENITE sont les maitres mots de notre quotidien.<\/h5>\n<h5>FUEYO IMMOBILIER, c\u2019est une agence de proximit\u00e9 qui a fait le choix de se sp\u00e9cialiser dans la Transaction immobili\u00e8re : Biens et Fonds de Commerce.<\/h5>\n<h5>Notre activit\u00e9 s\u2019articule autour de 3 missions : Rechercher, Vendre et Estimer.<\/h5>\t\t\t\t\t\t<\/div>\n\t\t\t\t<\/div>\n\t\t\t\t<div class=\"elementor-element elementor-element-5c13e62 elementor-widget elementor-widget-spacer\" data-id=\"5c13e62\" data-element_type=\"widget\" data-widget_type=\"spacer.default\">\n\t\t\t\t<div class=\"elementor-widget-container\">\n\t\t\t\t\t<div class=\"elementor-spacer\">\n\t\t\t<div class=\"elementor-spacer-inner\"><\/div>\n\t\t<\/div>\n\t\t\t\t<\/div>\n\t\t\t\t<\/div>\n\t\t\t\t\t<\/div>\n\t\t<\/div>\n\t\t\t\t\t\t\t<\/div>\n\t\t<\/section>\n\t\t\t\t<section class=\"elementor-section elementor-top-section elementor-element elementor-element-28d319a elementor-section-boxed elementor-section-height-default elementor-section-height-default\" data-id=\"28d319a\" data-element_type=\"section\">\n\t\t\t\t\t\t<div class=\"elementor-container elementor-column-gap-default\">\n\t\t\t\t\t<div class=\"elementor-column elementor-col-33 elementor-top-column elementor-element elementor-element-c865358\" data-id=\"c865358\" data-element_type=\"column\">\n\t\t\t<div class=\"elementor-widget-wrap elementor-element-populated\">\n\t\t\t\t\t\t\t\t<div class=\"elementor-element elementor-element-03793a3 elementor-widget elementor-widget-heading\" data-id=\"03793a3\" data-element_type=\"widget\" data-widget_type=\"heading.default\">\n\t\t\t\t<div class=\"elementor-widget-container\">\n\t\t\t<h2 class=\"elementor-heading-title elementor-size-default\"><a href=\"https:\/\/fueyo-immobilier.fr\/?page_id=447\">RECHERCHER<\/a><\/h2>\t\t<\/div>\n\t\t\t\t<\/div>\n\t\t\t\t<div class=\"elementor-element elementor-element-1a689a7 elementor-widget elementor-widget-spacer\" data-id=\"1a689a7\" data-element_type=\"widget\" data-widget_type=\"spacer.default\">\n\t\t\t\t<div class=\"elementor-widget-container\">\n\t\t\t\t\t<div class=\"elementor-spacer\">\n\t\t\t<div class=\"elementor-spacer-inner\"><\/div>\n\t\t<\/div>\n\t\t\t\t<\/div>\n\t\t\t\t<\/div>\n\t\t\t\t<div class=\"elementor-element elementor-element-dc3f6db elementor-widget elementor-widget-image\" data-id=\"dc3f6db\" data-element_type=\"widget\" data-widget_type=\"image.default\">\n\t\t\t\t<div class=\"elementor-widget-container\">\n\t\t\t\t\t\t\t\t\t\t\t\t\t\t\t\t<a href=\"https:\/\/fueyo-immobilier.fr\/?page_id=447\">\n\t\t\t\t\t\t\t<img src=\"https:\/\/fueyo-immobilier.fr\/wp-content\/uploads\/elementor\/thumbs\/IMG_6211-p7agns1rc3p8wsgejy4r13p7nho5yijzi56lfxorn8.jpg\" title=\"IMG_6211\" alt=\"IMG_6211\" loading=\"lazy\" \/>\t\t\t\t\t\t\t\t<\/a>\n\t\t\t\t\t\t\t\t\t\t\t\t\t\t\t<\/div>\n\t\t\t\t<\/div>\n\t\t\t\t<div class=\"elementor-element elementor-element-ea65951 elementor-widget elementor-widget-spacer\" data-id=\"ea65951\" data-element_type=\"widget\" data-widget_type=\"spacer.default\">\n\t\t\t\t<div class=\"elementor-widget-container\">\n\t\t\t\t\t<div class=\"elementor-spacer\">\n\t\t\t<div class=\"elementor-spacer-inner\"><\/div>\n\t\t<\/div>\n\t\t\t\t<\/div>\n\t\t\t\t<\/div>\n\t\t\t\t<div class=\"elementor-element elementor-element-24a78e1 elementor-widget elementor-widget-spacer\" data-id=\"24a78e1\" data-element_type=\"widget\" data-widget_type=\"spacer.default\">\n\t\t\t\t<div class=\"elementor-widget-container\">\n\t\t\t\t\t<div class=\"elementor-spacer\">\n\t\t\t<div class=\"elementor-spacer-inner\"><\/div>\n\t\t<\/div>\n\t\t\t\t<\/div>\n\t\t\t\t<\/div>\n\t\t\t\t<div class=\"elementor-element elementor-element-d158f61 elementor-widget elementor-widget-text-editor\" data-id=\"d158f61\" data-element_type=\"widget\" data-widget_type=\"text-editor.default\">\n\t\t\t\t<div class=\"elementor-widget-container\">\n\t\t\t\t\t\t\t<h6><span style=\"color: #000000;\"><b>Vous \u00eates \u00e0 la recherche d\u2019une nouvelle habitation ou d\u2019un local pour votre activit\u00e9 commerciale ?<\/b><\/span><\/h6>\n<h6><b>Venez nous rencontrer, nous pourrons \u00e9tablir un plan de recherche en int\u00e9grant vos besoins et envies, ainsi que vos crit\u00e8res de pr\u00e9dilection.<\/b><\/h6>\t\t\t\t\t\t<\/div>\n\t\t\t\t<\/div>\n\t\t\t\t\t<\/div>\n\t\t<\/div>\n\t\t\t\t<div class=\"elementor-column elementor-col-33 elementor-top-column elementor-element elementor-element-9ddbe6f\" data-id=\"9ddbe6f\" data-element_type=\"column\">\n\t\t\t<div class=\"elementor-widget-wrap elementor-element-populated\">\n\t\t\t\t\t\t\t\t<div class=\"elementor-element elementor-element-b974e99 elementor-widget elementor-widget-heading\" data-id=\"b974e99\" data-element_type=\"widget\" data-widget_type=\"heading.default\">\n\t\t\t\t<div class=\"elementor-widget-container\">\n\t\t\t<h2 class=\"elementor-heading-title elementor-size-default\"><a href=\"https:\/\/fueyo-immobilier.fr\/?page_id=121\">VENDRE<\/a><\/h2>\t\t<\/div>\n\t\t\t\t<\/div>\n\t\t\t\t<div class=\"elementor-element elementor-element-93e04f7 elementor-widget elementor-widget-spacer\" data-id=\"93e04f7\" data-element_type=\"widget\" data-widget_type=\"spacer.default\">\n\t\t\t\t<div class=\"elementor-widget-container\">\n\t\t\t\t\t<div class=\"elementor-spacer\">\n\t\t\t<div class=\"elementor-spacer-inner\"><\/div>\n\t\t<\/div>\n\t\t\t\t<\/div>\n\t\t\t\t<\/div>\n\t\t\t\t<div class=\"elementor-element elementor-element-0c26289 elementor-widget elementor-widget-image\" data-id=\"0c26289\" data-element_type=\"widget\" data-widget_type=\"image.default\">\n\t\t\t\t<div class=\"elementor-widget-container\">\n\t\t\t\t\t\t\t\t\t\t\t\t\t\t\t\t<a href=\"https:\/\/fueyo-immobilier.fr\/?page_id=121\">\n\t\t\t\t\t\t\t<img src=\"https:\/\/fueyo-immobilier.fr\/wp-content\/uploads\/elementor\/thumbs\/P1050503-2-scaled-e1621349716870-p7cqjjss5uz6p2njn4z7i8r16ohf6z01g96k52zyes.jpg\" title=\"Fueyo Immobilier &#8211; Am\u00e9nagement int\u00e9rieur 2\" alt=\"Fueyo Immobilier - Am\u00e9nagement int\u00e9rieur 2\" loading=\"lazy\" \/>\t\t\t\t\t\t\t\t<\/a>\n\t\t\t\t\t\t\t\t\t\t\t\t\t\t\t<\/div>\n\t\t\t\t<\/div>\n\t\t\t\t<div class=\"elementor-element elementor-element-3b1a735 elementor-widget elementor-widget-spacer\" data-id=\"3b1a735\" data-element_type=\"widget\" data-widget_type=\"spacer.default\">\n\t\t\t\t<div class=\"elementor-widget-container\">\n\t\t\t\t\t<div class=\"elementor-spacer\">\n\t\t\t<div class=\"elementor-spacer-inner\"><\/div>\n\t\t<\/div>\n\t\t\t\t<\/div>\n\t\t\t\t<\/div>\n\t\t\t\t<div class=\"elementor-element elementor-element-684f129 elementor-widget elementor-widget-spacer\" data-id=\"684f129\" data-element_type=\"widget\" data-widget_type=\"spacer.default\">\n\t\t\t\t<div class=\"elementor-widget-container\">\n\t\t\t\t\t<div class=\"elementor-spacer\">\n\t\t\t<div class=\"elementor-spacer-inner\"><\/div>\n\t\t<\/div>\n\t\t\t\t<\/div>\n\t\t\t\t<\/div>\n\t\t\t\t<div class=\"elementor-element elementor-element-7a16128 elementor-widget elementor-widget-text-editor\" data-id=\"7a16128\" data-element_type=\"widget\" data-widget_type=\"text-editor.default\">\n\t\t\t\t<div class=\"elementor-widget-container\">\n\t\t\t\t\t\t\t<h6><span style=\"color: #000000;\"><b>Vous envisagez de vendre votre bien pour de nouveaux horizons ?<\/b><\/span><\/h6>\n<h6><b>Nous vous pr\u00e9senterons notre savoir-faire et nos supports afin de mettre en vente votre bien au meilleur prix et dans les meilleures conditions.<\/b><\/h6>\t\t\t\t\t\t<\/div>\n\t\t\t\t<\/div>\n\t\t\t\t\t<\/div>\n\t\t<\/div>\n\t\t\t\t<div class=\"elementor-column elementor-col-33 elementor-top-column elementor-element elementor-element-cb6ea33\" data-id=\"cb6ea33\" data-element_type=\"column\">\n\t\t\t<div class=\"elementor-widget-wrap elementor-element-populated\">\n\t\t\t\t\t\t\t\t<div class=\"elementor-element elementor-element-faaa2c8 elementor-widget elementor-widget-heading\" data-id=\"faaa2c8\" data-element_type=\"widget\" data-widget_type=\"heading.default\">\n\t\t\t\t<div class=\"elementor-widget-container\">\n\t\t\t<h2 class=\"elementor-heading-title elementor-size-default\"><a href=\"https:\/\/fueyo-immobilier.fr\/?page_id=121\">ESTIMER<\/a><\/h2>\t\t<\/div>\n\t\t\t\t<\/div>\n\t\t\t\t<div class=\"elementor-element elementor-element-dfc16ca elementor-widget elementor-widget-spacer\" data-id=\"dfc16ca\" data-element_type=\"widget\" data-widget_type=\"spacer.default\">\n\t\t\t\t<div class=\"elementor-widget-container\">\n\t\t\t\t\t<div class=\"elementor-spacer\">\n\t\t\t<div class=\"elementor-spacer-inner\"><\/div>\n\t\t<\/div>\n\t\t\t\t<\/div>\n\t\t\t\t<\/div>\n\t\t\t\t<div class=\"elementor-element elementor-element-c4eb2b1 elementor-widget elementor-widget-image\" data-id=\"c4eb2b1\" data-element_type=\"widget\" data-widget_type=\"image.default\">\n\t\t\t\t<div class=\"elementor-widget-container\">\n\t\t\t\t\t\t\t\t\t\t\t\t\t\t\t\t<a href=\"https:\/\/fueyo-immobilier.fr\/?page_id=121\">\n\t\t\t\t\t\t\t<img src=\"https:\/\/fueyo-immobilier.fr\/wp-content\/uploads\/elementor\/thumbs\/IMG_1956-2-e1621237304196-p7ah0gvbll2lna0ugflfowf8cr4jvexj8y8koevfn8.jpg\" title=\"Fueyo Immobilier &#8211; Fa\u00e7ade de maison 2\" alt=\"Fueyo Immobilier - Fa\u00e7ade de maison 2\" loading=\"lazy\" \/>\t\t\t\t\t\t\t\t<\/a>\n\t\t\t\t\t\t\t\t\t\t\t\t\t\t\t<\/div>\n\t\t\t\t<\/div>\n\t\t\t\t<div class=\"elementor-element elementor-element-39c0346 elementor-widget elementor-widget-spacer\" data-id=\"39c0346\" data-element_type=\"widget\" data-widget_type=\"spacer.default\">\n\t\t\t\t<div class=\"elementor-widget-container\">\n\t\t\t\t\t<div class=\"elementor-spacer\">\n\t\t\t<div class=\"elementor-spacer-inner\"><\/div>\n\t\t<\/div>\n\t\t\t\t<\/div>\n\t\t\t\t<\/div>\n\t\t\t\t<div class=\"elementor-element elementor-element-f153413 elementor-widget elementor-widget-spacer\" data-id=\"f153413\" data-element_type=\"widget\" data-widget_type=\"spacer.default\">\n\t\t\t\t<div class=\"elementor-widget-container\">\n\t\t\t\t\t<div class=\"elementor-spacer\">\n\t\t\t<div class=\"elementor-spacer-inner\"><\/div>\n\t\t<\/div>\n\t\t\t\t<\/div>\n\t\t\t\t<\/div>\n\t\t\t\t<div class=\"elementor-element elementor-element-349908e elementor-widget elementor-widget-text-editor\" data-id=\"349908e\" data-element_type=\"widget\" data-widget_type=\"text-editor.default\">\n\t\t\t\t<div class=\"elementor-widget-container\">\n\t\t\t\t\t\t\t<h6><span style=\"color: #000000;\"><b>Vous souhaitez faire estimer votre bien ?<\/b><\/span><\/h6>\n<h6><b>Nous serons ravis de vous rencontrer pour vous donner la meilleure estimation du march\u00e9.<span class=\"Apple-converted-space\">\u00a0<\/span><\/b><\/h6>\t\t\t\t\t\t<\/div>\n\t\t\t\t<\/div>\n\t\t\t\t\t<\/div>\n\t\t<\/div>\n\t\t\t\t\t\t\t<\/div>\n\t\t<\/section>\n\t\t\t\t<section class=\"elementor-section elementor-top-section elementor-element elementor-element-dceae64 elementor-section-boxed elementor-section-height-default elementor-section-height-default\" data-id=\"dceae64\" data-element_type=\"section\">\n\t\t\t\t\t\t<div class=\"elementor-container elementor-column-gap-default\">\n\t\t\t\t\t<div class=\"elementor-column elementor-col-100 elementor-top-column elementor-element elementor-element-c4bfc8c\" data-id=\"c4bfc8c\" data-element_type=\"column\">\n\t\t\t<div class=\"elementor-widget-wrap elementor-element-populated\">\n\t\t\t\t\t\t\t\t<div class=\"elementor-element elementor-element-540034b elementor-widget elementor-widget-spacer\" data-id=\"540034b\" data-element_type=\"widget\" data-widget_type=\"spacer.default\">\n\t\t\t\t<div class=\"elementor-widget-container\">\n\t\t\t\t\t<div class=\"elementor-spacer\">\n\t\t\t<div class=\"elementor-spacer-inner\"><\/div>\n\t\t<\/div>\n\t\t\t\t<\/div>\n\t\t\t\t<\/div>\n\t\t\t\t<div class=\"elementor-element elementor-element-0995762 elementor-widget elementor-widget-text-editor\" data-id=\"0995762\" data-element_type=\"widget\" data-widget_type=\"text-editor.default\">\n\t\t\t\t<div class=\"elementor-widget-container\">\n\t\t\t\t\t\t\t<h5>FUEYO IMMOBILIER c\u2019est aussi une Agence accompagn\u00e9e par un r\u00e9seau de professionnels de l\u2019immobilier.<\/h5>\n<h5>Nous pouvons vous mettre en relation avec nos partenaires\u00a0de confiance : du gros \u0153uvre au second \u0153uvre, en passant par les \u00e9tapes administratives, juridiques ou financi\u00e8res.<\/h5>\n<h5>Travailler avec nous, c\u2019est faire le choix d\u2019un accompagnement complet tout au long de votre projet, afin d\u2019arriver \u00e0 sa concr\u00e9tisation.<\/h5>\t\t\t\t\t\t<\/div>\n\t\t\t\t<\/div>\n\t\t\t\t\t<\/div>\n\t\t<\/div>\n\t\t\t\t\t\t\t<\/div>\n\t\t<\/section>\n\t\t\t\t\t\t\t<\/div>\n\t\t","protected":false},"excerpt":{"rendered":"<p>Notre objectif est de vous satisfaire\u00a0: notre engagement dans votre projet immobilier est donc total. Nous vous accompagnons \u00e0 chaque \u00e9tape\u00a0: que ce soit pour une recherche de bien (appartement, maison, immeuble, local commercial), pour la vente de votre bien, ou encore dans l\u2019\u00e9tude et le conseil personnalis\u00e9 de votre<\/p>\n<div class=\"re-read-more\"><a class=\"read-more\" href=\"https:\/\/fueyo-immobilier.fr\/?page_id=120\">Read More&#8230;<\/a><\/div>\n","protected":false},"author":1,"featured_media":0,"parent":0,"menu_order":0,"comment_status":"closed","ping_status":"closed","template":"","meta":[],"yoast_head":"<!-- This site is optimized with the Yoast SEO plugin v18.4.1 - https:\/\/yoast.com\/wordpress\/plugins\/seo\/ -->\n<title>Notre Agence - FUEYO IMMMOBILIER<\/title>\n<meta name=\"description\" content=\"Fueyo immobilier est une agence immobili\u00e8re sp\u00e9cialis\u00e9e dans la transaction immobili\u00e8re. Se projeter ensemble dans vos projets est notre passion. Si vous \u00eates \u00e0 la recherche d\u2019un nouveau d\u00e9part, venez \u00e0 notre rencontre.\" \/>\n<meta name=\"robots\" content=\"index, follow, max-snippet:-1, max-image-preview:large, max-video-preview:-1\" \/>\n<link rel=\"canonical\" href=\"https:\/\/fueyo-immobilier.fr\/?page_id=120\" \/>\n<meta property=\"og:locale\" content=\"fr_FR\" \/>\n<meta property=\"og:type\" content=\"article\" \/>\n<meta property=\"og:title\" content=\"Notre Agence - FUEYO IMMMOBILIER\" \/>\n<meta property=\"og:description\" content=\"Fueyo immobilier est une agence immobili\u00e8re sp\u00e9cialis\u00e9e dans la transaction immobili\u00e8re. Se projeter ensemble dans vos projets est notre passion. Si vous \u00eates \u00e0 la recherche d\u2019un nouveau d\u00e9part, venez \u00e0 notre rencontre.\" \/>\n<meta property=\"og:url\" content=\"https:\/\/fueyo-immobilier.fr\/?page_id=120\" \/>\n<meta property=\"og:site_name\" content=\"FUEYO IMMMOBILIER\" \/>\n<meta property=\"article:modified_time\" content=\"2021-06-04T08:11:11+00:00\" \/>\n<meta property=\"og:image\" content=\"https:\/\/fueyo-immobilier.fr\/wp-content\/uploads\/elementor\/thumbs\/IMG_6211-p7agns1rc3p8wsgejy4r13p7nho5yijzi56lfxorn8.jpg\" \/>\n<meta name=\"twitter:card\" content=\"summary_large_image\" \/>\n<meta name=\"twitter:label1\" content=\"Dur\u00e9e de lecture estim\u00e9e\" \/>\n\t<meta name=\"twitter:data1\" content=\"2 minutes\" \/>\n<script type=\"application\/ld+json\" class=\"yoast-schema-graph\">{\"@context\":\"https:\/\/schema.org\",\"@graph\":[{\"@type\":\"WebSite\",\"@id\":\"https:\/\/fueyo-immobilier.fr\/#website\",\"url\":\"https:\/\/fueyo-immobilier.fr\/\",\"name\":\"FUEYO IMMMOBILIER\",\"description\":\"\",\"potentialAction\":[{\"@type\":\"SearchAction\",\"target\":{\"@type\":\"EntryPoint\",\"urlTemplate\":\"https:\/\/fueyo-immobilier.fr\/?s={search_term_string}\"},\"query-input\":\"required name=search_term_string\"}],\"inLanguage\":\"fr-FR\"},{\"@type\":\"ImageObject\",\"@id\":\"https:\/\/fueyo-immobilier.fr\/?page_id=120#primaryimage\",\"inLanguage\":\"fr-FR\",\"url\":\"https:\/\/fueyo-immobilier.fr\/wp-content\/uploads\/elementor\/thumbs\/IMG_6211-p7agns1rc3p8wsgejy4r13p7nho5yijzi56lfxorn8.jpg\",\"contentUrl\":\"https:\/\/fueyo-immobilier.fr\/wp-content\/uploads\/elementor\/thumbs\/IMG_6211-p7agns1rc3p8wsgejy4r13p7nho5yijzi56lfxorn8.jpg\"},{\"@type\":\"WebPage\",\"@id\":\"https:\/\/fueyo-immobilier.fr\/?page_id=120#webpage\",\"url\":\"https:\/\/fueyo-immobilier.fr\/?page_id=120\",\"name\":\"Notre Agence - FUEYO IMMMOBILIER\",\"isPartOf\":{\"@id\":\"https:\/\/fueyo-immobilier.fr\/#website\"},\"primaryImageOfPage\":{\"@id\":\"https:\/\/fueyo-immobilier.fr\/?page_id=120#primaryimage\"},\"datePublished\":\"2021-05-14T07:43:53+00:00\",\"dateModified\":\"2021-06-04T08:11:11+00:00\",\"description\":\"Fueyo immobilier est une agence immobili\u00e8re sp\u00e9cialis\u00e9e dans la transaction immobili\u00e8re. Se projeter ensemble dans vos projets est notre passion. Si vous \u00eates \u00e0 la recherche d\u2019un nouveau d\u00e9part, venez \u00e0 notre rencontre.\",\"breadcrumb\":{\"@id\":\"https:\/\/fueyo-immobilier.fr\/?page_id=120#breadcrumb\"},\"inLanguage\":\"fr-FR\",\"potentialAction\":[{\"@type\":\"ReadAction\",\"target\":[\"https:\/\/fueyo-immobilier.fr\/?page_id=120\"]}]},{\"@type\":\"BreadcrumbList\",\"@id\":\"https:\/\/fueyo-immobilier.fr\/?page_id=120#breadcrumb\",\"itemListElement\":[{\"@type\":\"ListItem\",\"position\":1,\"name\":\"Accueil\",\"item\":\"https:\/\/fueyo-immobilier.fr\/\"},{\"@type\":\"ListItem\",\"position\":2,\"name\":\"Notre Agence\"}]}]}<\/script>\n<!-- \/ Yoast SEO plugin. -->","yoast_head_json":{"title":"Notre Agence - FUEYO IMMMOBILIER","description":"Fueyo immobilier est une agence immobili\u00e8re sp\u00e9cialis\u00e9e dans la transaction immobili\u00e8re. Se projeter ensemble dans vos projets est notre passion. Si vous \u00eates \u00e0 la recherche d\u2019un nouveau d\u00e9part, venez \u00e0 notre rencontre.","robots":{"index":"index","follow":"follow","max-snippet":"max-snippet:-1","max-image-preview":"max-image-preview:large","max-video-preview":"max-video-preview:-1"},"canonical":"https:\/\/fueyo-immobilier.fr\/?page_id=120","og_locale":"fr_FR","og_type":"article","og_title":"Notre Agence - FUEYO IMMMOBILIER","og_description":"Fueyo immobilier est une agence immobili\u00e8re sp\u00e9cialis\u00e9e dans la transaction immobili\u00e8re. Se projeter ensemble dans vos projets est notre passion. Si vous \u00eates \u00e0 la recherche d\u2019un nouveau d\u00e9part, venez \u00e0 notre rencontre.","og_url":"https:\/\/fueyo-immobilier.fr\/?page_id=120","og_site_name":"FUEYO IMMMOBILIER","article_modified_time":"2021-06-04T08:11:11+00:00","og_image":[{"url":"https:\/\/fueyo-immobilier.fr\/wp-content\/uploads\/elementor\/thumbs\/IMG_6211-p7agns1rc3p8wsgejy4r13p7nho5yijzi56lfxorn8.jpg"}],"twitter_card":"summary_large_image","twitter_misc":{"Dur\u00e9e de lecture estim\u00e9e":"2 minutes"},"schema":{"@context":"https:\/\/schema.org","@graph":[{"@type":"WebSite","@id":"https:\/\/fueyo-immobilier.fr\/#website","url":"https:\/\/fueyo-immobilier.fr\/","name":"FUEYO IMMMOBILIER","description":"","potentialAction":[{"@type":"SearchAction","target":{"@type":"EntryPoint","urlTemplate":"https:\/\/fueyo-immobilier.fr\/?s={search_term_string}"},"query-input":"required name=search_term_string"}],"inLanguage":"fr-FR"},{"@type":"ImageObject","@id":"https:\/\/fueyo-immobilier.fr\/?page_id=120#primaryimage","inLanguage":"fr-FR","url":"https:\/\/fueyo-immobilier.fr\/wp-content\/uploads\/elementor\/thumbs\/IMG_6211-p7agns1rc3p8wsgejy4r13p7nho5yijzi56lfxorn8.jpg","contentUrl":"https:\/\/fueyo-immobilier.fr\/wp-content\/uploads\/elementor\/thumbs\/IMG_6211-p7agns1rc3p8wsgejy4r13p7nho5yijzi56lfxorn8.jpg"},{"@type":"WebPage","@id":"https:\/\/fueyo-immobilier.fr\/?page_id=120#webpage","url":"https:\/\/fueyo-immobilier.fr\/?page_id=120","name":"Notre Agence - FUEYO IMMMOBILIER","isPartOf":{"@id":"https:\/\/fueyo-immobilier.fr\/#website"},"primaryImageOfPage":{"@id":"https:\/\/fueyo-immobilier.fr\/?page_id=120#primaryimage"},"datePublished":"2021-05-14T07:43:53+00:00","dateModified":"2021-06-04T08:11:11+00:00","description":"Fueyo immobilier est une agence immobili\u00e8re sp\u00e9cialis\u00e9e dans la transaction immobili\u00e8re. Se projeter ensemble dans vos projets est notre passion. Si vous \u00eates \u00e0 la recherche d\u2019un nouveau d\u00e9part, venez \u00e0 notre rencontre.","breadcrumb":{"@id":"https:\/\/fueyo-immobilier.fr\/?page_id=120#breadcrumb"},"inLanguage":"fr-FR","potentialAction":[{"@type":"ReadAction","target":["https:\/\/fueyo-immobilier.fr\/?page_id=120"]}]},{"@type":"BreadcrumbList","@id":"https:\/\/fueyo-immobilier.fr\/?page_id=120#breadcrumb","itemListElement":[{"@type":"ListItem","position":1,"name":"Accueil","item":"https:\/\/fueyo-immobilier.fr\/"},{"@type":"ListItem","position":2,"name":"Notre Agence"}]}]}},"_links":{"self":[{"href":"https:\/\/fueyo-immobilier.fr\/index.php?rest_route=\/wp\/v2\/pages\/120"}],"collection":[{"href":"https:\/\/fueyo-immobilier.fr\/index.php?rest_route=\/wp\/v2\/pages"}],"about":[{"href":"https:\/\/fueyo-immobilier.fr\/index.php?rest_route=\/wp\/v2\/types\/page"}],"author":[{"embeddable":true,"href":"https:\/\/fueyo-immobilier.fr\/index.php?rest_route=\/wp\/v2\/users\/1"}],"replies":[{"embeddable":true,"href":"https:\/\/fueyo-immobilier.fr\/index.php?rest_route=%2Fwp%2Fv2%2Fcomments&post=120"}],"version-history":[{"count":85,"href":"https:\/\/fueyo-immobilier.fr\/index.php?rest_route=\/wp\/v2\/pages\/120\/revisions"}],"predecessor-version":[{"id":544,"href":"https:\/\/fueyo-immobilier.fr\/index.php?rest_route=\/wp\/v2\/pages\/120\/revisions\/544"}],"wp:attachment":[{"href":"https:\/\/fueyo-immobilier.fr\/index.php?rest_route=%2Fwp%2Fv2%2Fmedia&parent=120"}],"curies":[{"name":"wp","href":"https:\/\/api.w.org\/{rel}","templated":true}]}}